{"id":10996,"date":"2021-06-02T04:06:23","date_gmt":"2021-06-02T02:06:23","guid":{"rendered":"https:\/\/www.kunstkommission-duesseldorf.de\/newsletter\/"},"modified":"2026-01-08T12:49:48","modified_gmt":"2026-01-08T11:49:48","slug":"newsletter","status":"publish","type":"page","link":"https:\/\/www.kunstkommission-duesseldorf.de\/en\/newsletter\/","title":{"rendered":"Newsletter"},"content":{"rendered":"<section role=\"region\" aria-labelledby=\"hero-title\" class=\"l-section wpb_row us_custom_64be34c9 height_auto full_height valign_bottom with_img\"><div class=\"l-section-img\" role=\"img\" aria-label=\"Rundgang: LITTLE ARTWALK, Lantz&#039;scher Skulpturenpark\" data-img-width=\"2560\" data-img-height=\"1356\" style=\"background-image: url(https:\/\/www.kunstkommission-duesseldorf.de\/wp-content\/uploads\/2021\/05\/lantzscher-park-littleartwalk01.jpg);\"><\/div><div class=\"l-section-overlay\" style=\"background:rgba(0,0,0,0.25)\"><\/div><div class=\"l-section-h i-cf\"><div class=\"g-cols vc_row via_flex valign_top type_default stacking_default\"><div class=\"vc_col-sm-12 vc_col-lg-offset-0 vc_col-lg-8 vc_col-md-offset-1 vc_col-md-10 vc_col-sm-offset-1 vc_col-xs-offset-1 vc_col-xs-10 wpb_column vc_column_container hero-flex-column\"><div class=\"vc_column-inner us_custom_55a2e57e\"><div class=\"wpb_wrapper\"><div class=\"w-separator hero-spacer-top size_custom\" style=\"height:0px\"><\/div><div class=\"w-separator size_custom\" style=\"height:3px\" id=\"wfc3\"><style>@media(max-width:600px){ #wfc3{height:1px!important}}<\/style><\/div><h1 class=\"w-post-elm post_custom_field us_custom_7223f3e3 project-title type_text page-headline color_link_inherit\" id=\"hero-title\"><span class=\"w-post-elm-value\">Newsletter der<br>\r\nKunstkommission<br>\r\nD\u00fcsseldorf<\/span><\/h1><div class=\"w-separator size_custom\" style=\"height:1px\" id=\"p0f6\"><style>@media(max-width:1024px){ #p0f6{height:5px!important}}<\/style><\/div><div class=\"w-separator hero-spacer-bottom size_custom\" style=\"height:0px\" id=\"l7f1\"><style><\/style><\/div><\/div><\/div><\/div><div class=\"vc_col-sm-12 wpb_column vc_column_container\"><div class=\"vc_column-inner\"><div class=\"wpb_wrapper\"><div class=\"w-post-elm post_custom_field us_custom_120c3d6f kk-copyright has_text_color type_text page-copyright color_link_inherit\"><span class=\"w-post-elm-before\">Photo: <\/span><span class=\"w-post-elm-value\">Katja Illner<\/span><\/div><\/div><\/div><\/div><\/div><\/div><\/section>\n<section class=\"l-section wpb_row height_medium\" id=\"Mailchimp\"><div class=\"l-section-h i-cf\"><div class=\"g-cols vc_row via_flex valign_top type_default stacking_default\"><div class=\"vc_col-sm-12 vc_col-lg-offset-2 vc_col-lg-8 wpb_column vc_column_container\"><div class=\"vc_column-inner\"><div class=\"wpb_wrapper\"><div class=\"wpb_text_column\"><div class=\"wpb_wrapper\"><h2>Um regelm\u00e4\u00dfig \u00fcber unsere Wettbewerbe, Projekte und Veranstaltungen im \u00f6ffentlichen Raum informiert zu werden, abonnieren Sie unseren Newsletter.<\/h2>\n<\/div><\/div><div class=\"w-separator size_small\"><\/div>[vc_raw_html]JTNDZGl2JTIwaWQlM0QlMjJtY19lbWJlZF9zaWdudXAlMjIlM0UlMEElM0Nmb3JtJTIwYWN0aW9uJTNEJTIyaHR0cHMlM0ElMkYlMkZrdW5zdGtvbW1pc3Npb24tZHVlc3NlbGRvcmYudXM1Lmxpc3QtbWFuYWdlLmNvbSUyRnN1YnNjcmliZSUyRnBvc3QlM0Z1JTNEOGU5MDRlY2I3MTM1NDMyYjUwZDE3NWVjZiUyNmFtcCUzQmlkJTNEYjYxOWJjMjMwZiUyMiUyMG1ldGhvZCUzRCUyMnBvc3QlMjIlMjBpZCUzRCUyMm1jLWVtYmVkZGVkLXN1YnNjcmliZS1mb3JtJTIyJTIwbmFtZSUzRCUyMm1jLWVtYmVkZGVkLXN1YnNjcmliZS1mb3JtJTIyJTIwY2xhc3MlM0QlMjJ2YWxpZGF0ZSUyMiUyMHRhcmdldCUzRCUyMl9ibGFuayUyMiUyMG5vdmFsaWRhdGUlM0UlMEElMjAlMjAlMjAlMjAlM0NkaXYlMjBpZCUzRCUyMm1jX2VtYmVkX3NpZ251cF9zY3JvbGwlMjIlM0UlMEElMDklM0NoMiUzRVp1bSUyME5ld3NsZXR0ZXIlMjBhbm1lbGRlbiUzQyUyRmgyJTNFJTBBJTNDZGl2JTIwY2xhc3MlM0QlMjJpbmRpY2F0ZXMtcmVxdWlyZWQlMjIlM0UlM0NzcGFuJTIwY2xhc3MlM0QlMjJhc3RlcmlzayUyMiUzRSUyQSUzQyUyRnNwYW4lM0UlMjBpbmRpY2F0ZXMlMjByZXF1aXJlZCUzQyUyRmRpdiUzRSUwQSUzQ2RpdiUyMGNsYXNzJTNEJTIybWMtZmllbGQtZ3JvdXAlMjIlM0UlMEElMDklM0NsYWJlbCUyMGZvciUzRCUyMm1jZS1FTUFJTCUyMiUzRUVtYWlsJTIwQWRkcmVzcyUyMCUyMCUzQ3NwYW4lMjBjbGFzcyUzRCUyMmFzdGVyaXNrJTIyJTNFJTJBJTNDJTJGc3BhbiUzRSUwQSUzQyUyRmxhYmVsJTNFJTBBJTA5JTNDaW5wdXQlMjB0eXBlJTNEJTIyZW1haWwlMjIlMjB2YWx1ZSUzRCUyMiUyMiUyMG5hbWUlM0QlMjJFTUFJTCUyMiUyMGNsYXNzJTNEJTIycmVxdWlyZWQlMjBlbWFpbCUyMiUyMGlkJTNEJTIybWNlLUVNQUlMJTIyJTNFJTBBJTNDJTJGZGl2JTNFJTBBJTNDZGl2JTIwY2xhc3MlM0QlMjJtYy1maWVsZC1ncm91cCUyMiUzRSUwQSUwOSUzQ2xhYmVsJTIwZm9yJTNEJTIybWNlLUZOQU1FJTIyJTNFRmlyc3QlMjBOYW1lJTIwJTNDJTJGbGFiZWwlM0UlMEElMDklM0NpbnB1dCUyMHR5cGUlM0QlMjJ0ZXh0JTIyJTIwdmFsdWUlM0QlMjIlMjIlMjBuYW1lJTNEJTIyRk5BTUUlMjIlMjBjbGFzcyUzRCUyMiUyMiUyMGlkJTNEJTIybWNlLUZOQU1FJTIyJTNFJTBBJTNDJTJGZGl2JTNFJTBBJTNDZGl2JTIwY2xhc3MlM0QlMjJtYy1maWVsZC1ncm91cCUyMiUzRSUwQSUwOSUzQ2xhYmVsJTIwZm9yJTNEJTIybWNlLUxOQU1FJTIyJTNFTGFzdCUyME5hbWUlMjAlM0MlMkZsYWJlbCUzRSUwQSUwOSUzQ2lucHV0JTIwdHlwZSUzRCUyMnRleHQlMjIlMjB2YWx1ZSUzRCUyMiUyMiUyMG5hbWUlM0QlMjJMTkFNRSUyMiUyMGNsYXNzJTNEJTIyJTIyJTIwaWQlM0QlMjJtY2UtTE5BTUUlMjIlM0UlMEElM0MlMkZkaXYlM0UlMEElM0NkaXYlMjBjbGFzcyUzRCUyMm1jLWZpZWxkLWdyb3VwJTIwc2l6ZTFvZjIlMjIlM0UlMEElMDklM0NsYWJlbCUyMGZvciUzRCUyMm1jZS1CSVJUSERBWS1tb250aCUyMiUzRUJpcnRoZGF5JTIwJTNDJTJGbGFiZWwlM0UlMEElMDklM0NkaXYlMjBjbGFzcyUzRCUyMmRhdGVmaWVsZCUyMiUzRSUwQSUwOSUwOSUzQ3NwYW4lMjBjbGFzcyUzRCUyMnN1YmZpZWxkJTIwbW9udGhmaWVsZCUyMiUzRSUzQ2lucHV0JTIwY2xhc3MlM0QlMjJiaXJ0aGRheSUyMCUyMiUyMHR5cGUlM0QlMjJ0ZXh0JTIyJTIwcGF0dGVybiUzRCUyMiU1QjAtOSU1RCUyQSUyMiUyMHZhbHVlJTNEJTIyJTIyJTIwcGxhY2Vob2xkZXIlM0QlMjJNTSUyMiUyMHNpemUlM0QlMjIyJTIyJTIwbWF4bGVuZ3RoJTNEJTIyMiUyMiUyMG5hbWUlM0QlMjJCSVJUSERBWSU1Qm1vbnRoJTVEJTIyJTIwaWQlM0QlMjJtY2UtQklSVEhEQVktbW9udGglMjIlM0UlM0MlMkZzcGFuJTNFJTIwJTJGJTIwJTBBJTA5JTA5JTNDc3BhbiUyMGNsYXNzJTNEJTIyc3ViZmllbGQlMjBkYXlmaWVsZCUyMiUzRSUzQ2lucHV0JTIwY2xhc3MlM0QlMjJiaXJ0aGRheSUyMCUyMiUyMHR5cGUlM0QlMjJ0ZXh0JTIyJTIwcGF0dGVybiUzRCUyMiU1QjAtOSU1RCUyQSUyMiUyMHZhbHVlJTNEJTIyJTIyJTIwcGxhY2Vob2xkZXIlM0QlMjJERCUyMiUyMHNpemUlM0QlMjIyJTIyJTIwbWF4bGVuZ3RoJTNEJTIyMiUyMiUyMG5hbWUlM0QlMjJCSVJUSERBWSU1QmRheSU1RCUyMiUyMGlkJTNEJTIybWNlLUJJUlRIREFZLWRheSUyMiUzRSUzQyUyRnNwYW4lM0UlMjAlMEElMDklMDklM0NzcGFuJTIwY2xhc3MlM0QlMjJzbWFsbC1tZXRhJTIwbm93cmFwJTIyJTNFJTI4JTIwbW0lMjAlMkYlMjBkZCUyMCUyOSUzQyUyRnNwYW4lM0UlMEElMDklM0MlMkZkaXYlM0UlMEElM0MlMkZkaXYlM0UlMDklM0NkaXYlMjBpZCUzRCUyMm1jZS1yZXNwb25zZXMlMjIlMjBjbGFzcyUzRCUyMmNsZWFyJTIyJTNFJTBBJTA5JTA5JTNDZGl2JTIwY2xhc3MlM0QlMjJyZXNwb25zZSUyMiUyMGlkJTNEJTIybWNlLWVycm9yLXJlc3BvbnNlJTIyJTIwc3R5bGUlM0QlMjJkaXNwbGF5JTNBbm9uZSUyMiUzRSUzQyUyRmRpdiUzRSUwQSUwOSUwOSUzQ2RpdiUyMGNsYXNzJTNEJTIycmVzcG9uc2UlMjIlMjBpZCUzRCUyMm1jZS1zdWNjZXNzLXJlc3BvbnNlJTIyJTIwc3R5bGUlM0QlMjJkaXNwbGF5JTNBbm9uZSUyMiUzRSUzQyUyRmRpdiUzRSUwQSUwOSUzQyUyRmRpdiUzRSUyMCUyMCUyMCUyMCUzQyUyMS0tJTIwcmVhbCUyMHBlb3BsZSUyMHNob3VsZCUyMG5vdCUyMGZpbGwlMjB0aGlzJTIwaW4lMjBhbmQlMjBleHBlY3QlMjBnb29kJTIwdGhpbmdzJTIwLSUyMGRvJTIwbm90JTIwcmVtb3ZlJTIwdGhpcyUyMG9yJTIwcmlzayUyMGZvcm0lMjBib3QlMjBzaWdudXBzLS0lM0UlMEElMjAlMjAlMjAlMjAlM0NkaXYlMjBzdHlsZSUzRCUyMnBvc2l0aW9uJTNBJTIwYWJzb2x1dGUlM0IlMjBsZWZ0JTNBJTIwLTUwMDBweCUzQiUyMiUyMGFyaWEtaGlkZGVuJTNEJTIydHJ1ZSUyMiUzRSUzQ2lucHV0JTIwdHlwZSUzRCUyMnRleHQlMjIlMjBuYW1lJTNEJTIyYl84ZTkwNGVjYjcxMzU0MzJiNTBkMTc1ZWNmX2I2MTliYzIzMGYlMjIlMjB0YWJpbmRleCUzRCUyMi0xJTIyJTIwdmFsdWUlM0QlMjIlMjIlM0UlM0MlMkZkaXYlM0UlMEElMjAlMjAlMjAlMjAlM0NkaXYlMjBjbGFzcyUzRCUyMmNsZWFyJTIyJTNFJTNDaW5wdXQlMjB0eXBlJTNEJTIyc3VibWl0JTIyJTIwdmFsdWUlM0QlMjJTdWJzY3JpYmUlMjIlMjBuYW1lJTNEJTIyc3Vic2NyaWJlJTIyJTIwaWQlM0QlMjJtYy1lbWJlZGRlZC1zdWJzY3JpYmUlMjIlMjBjbGFzcyUzRCUyMmJ1dHRvbiUyMiUzRSUzQyUyRmRpdiUzRSUwQSUyMCUyMCUyMCUyMCUzQyUyRmRpdiUzRSUwQSUzQyUyRmZvcm0lM0UlMEElM0MlMkZkaXYlM0UlMEElMEElM0MlMjEtLUVuZCUyMG1jX2VtYmVkX3NpZ251cC0tJTNFJTBB[\/vc_raw_html]<\/div><\/div><\/div><\/div><\/div><\/section>\n","protected":false},"excerpt":{"rendered":"Newsletter der Kunstkommission D\u00fcsseldorfPhoto: Katja Illner Um regelm\u00e4\u00dfig \u00fcber unsere Wettbewerbe, Projekte und Veranstaltungen im \u00f6ffentlichen Raum informiert zu werden, abonnieren Sie unseren Newsletter. [vc_raw_html]JTNDZGl2JTIwaWQlM0QlMjJtY19lbWJlZF9zaWdudXAlMjIlM0UlMEElM0Nmb3JtJTIwYWN0aW9uJTNEJTIyaHR0cHMlM0ElMkYlMkZrdW5zdGtvbW1pc3Npb24tZHVlc3NlbGRvcmYudXM1Lmxpc3QtbWFuYWdlLmNvbSUyRnN1YnNjcmliZSUyRnBvc3QlM0Z1JTNEOGU5MDRlY2I3MTM1NDMyYjUwZDE3NWVjZiUyNmFtcCUzQmlkJTNEYjYxOWJjMjMwZiUyMiUyMG1ldGhvZCUzRCUyMnBvc3QlMjIlMjBpZCUzRCUyMm1jLWVtYmVkZGVkLXN1YnNjcmliZS1mb3JtJTIyJTIwbmFtZSUzRCUyMm1jLWVtYmVkZGVkLXN1YnNjcmliZS1mb3JtJTIyJTIwY2xhc3MlM0QlMjJ2YWxpZGF0ZSUyMiUyMHRhcmdldCUzRCUyMl9ibGFuayUyMiUyMG5vdmFsaWRhdGUlM0UlMEElMjAlMjAlMjAlMjAlM0NkaXYlMjBpZCUzRCUyMm1jX2VtYmVkX3NpZ251cF9zY3JvbGwlMjIlM0UlMEElMDklM0NoMiUzRVp1bSUyME5ld3NsZXR0ZXIlMjBhbm1lbGRlbiUzQyUyRmgyJTNFJTBBJTNDZGl2JTIwY2xhc3MlM0QlMjJpbmRpY2F0ZXMtcmVxdWlyZWQlMjIlM0UlM0NzcGFuJTIwY2xhc3MlM0QlMjJhc3RlcmlzayUyMiUzRSUyQSUzQyUyRnNwYW4lM0UlMjBpbmRpY2F0ZXMlMjByZXF1aXJlZCUzQyUyRmRpdiUzRSUwQSUzQ2RpdiUyMGNsYXNzJTNEJTIybWMtZmllbGQtZ3JvdXAlMjIlM0UlMEElMDklM0NsYWJlbCUyMGZvciUzRCUyMm1jZS1FTUFJTCUyMiUzRUVtYWlsJTIwQWRkcmVzcyUyMCUyMCUzQ3NwYW4lMjBjbGFzcyUzRCUyMmFzdGVyaXNrJTIyJTNFJTJBJTNDJTJGc3BhbiUzRSUwQSUzQyUyRmxhYmVsJTNFJTBBJTA5JTNDaW5wdXQlMjB0eXBlJTNEJTIyZW1haWwlMjIlMjB2YWx1ZSUzRCUyMiUyMiUyMG5hbWUlM0QlMjJFTUFJTCUyMiUyMGNsYXNzJTNEJTIycmVxdWlyZWQlMjBlbWFpbCUyMiUyMGlkJTNEJTIybWNlLUVNQUlMJTIyJTNFJTBBJTNDJTJGZGl2JTNFJTBBJTNDZGl2JTIwY2xhc3MlM0QlMjJtYy1maWVsZC1ncm91cCUyMiUzRSUwQSUwOSUzQ2xhYmVsJTIwZm9yJTNEJTIybWNlLUZOQU1FJTIyJTNFRmlyc3QlMjBOYW1lJTIwJTNDJTJGbGFiZWwlM0UlMEElMDklM0NpbnB1dCUyMHR5cGUlM0QlMjJ0ZXh0JTIyJTIwdmFsdWUlM0QlMjIlMjIlMjBuYW1lJTNEJTIyRk5BTUUlMjIlMjBjbGFzcyUzRCUyMiUyMiUyMGlkJTNEJTIybWNlLUZOQU1FJTIyJTNFJTBBJTNDJTJGZGl2JTNFJTBBJTNDZGl2JTIwY2xhc3MlM0QlMjJtYy1maWVsZC1ncm91cCUyMiUzRSUwQSUwOSUzQ2xhYmVsJTIwZm9yJTNEJTIybWNlLUxOQU1FJTIyJTNFTGFzdCUyME5hbWUlMjAlM0MlMkZsYWJlbCUzRSUwQSUwOSUzQ2lucHV0JTIwdHlwZSUzRCUyMnRleHQlMjIlMjB2YWx1ZSUzRCUyMiUyMiUyMG5hbWUlM0QlMjJMTkFNRSUyMiUyMGNsYXNzJTNEJTIyJTIyJTIwaWQlM0QlMjJtY2UtTE5BTUUlMjIlM0UlMEElM0MlMkZkaXYlM0UlMEElM0NkaXYlMjBjbGFzcyUzRCUyMm1jLWZpZWxkLWdyb3VwJTIwc2l6ZTFvZjIlMjIlM0UlMEElMDklM0NsYWJlbCUyMGZvciUzRCUyMm1jZS1CSVJUSERBWS1tb250aCUyMiUzRUJpcnRoZGF5JTIwJTNDJTJGbGFiZWwlM0UlMEElMDklM0NkaXYlMjBjbGFzcyUzRCUyMmRhdGVmaWVsZCUyMiUzRSUwQSUwOSUwOSUzQ3NwYW4lMjBjbGFzcyUzRCUyMnN1YmZpZWxkJTIwbW9udGhmaWVsZCUyMiUzRSUzQ2lucHV0JTIwY2xhc3MlM0QlMjJiaXJ0aGRheSUyMCUyMiUyMHR5cGUlM0QlMjJ0ZXh0JTIyJTIwcGF0dGVybiUzRCUyMiU1QjAtOSU1RCUyQSUyMiUyMHZhbHVlJTNEJTIyJTIyJTIwcGxhY2Vob2xkZXIlM0QlMjJNTSUyMiUyMHNpemUlM0QlMjIyJTIyJTIwbWF4bGVuZ3RoJTNEJTIyMiUyMiUyMG5hbWUlM0QlMjJCSVJUSERBWSU1Qm1vbnRoJTVEJTIyJTIwaWQlM0QlMjJtY2UtQklSVEhEQVktbW9udGglMjIlM0UlM0MlMkZzcGFuJTNFJTIwJTJGJTIwJTBBJTA5JTA5JTNDc3BhbiUyMGNsYXNzJTNEJTIyc3ViZmllbGQlMjBkYXlmaWVsZCUyMiUzRSUzQ2lucHV0JTIwY2xhc3MlM0QlMjJiaXJ0aGRheSUyMCUyMiUyMHR5cGUlM0QlMjJ0ZXh0JTIyJTIwcGF0dGVybiUzRCUyMiU1QjAtOSU1RCUyQSUyMiUyMHZhbHVlJTNEJTIyJTIyJTIwcGxhY2Vob2xkZXIlM0QlMjJERCUyMiUyMHNpemUlM0QlMjIyJTIyJTIwbWF4bGVuZ3RoJTNEJTIyMiUyMiUyMG5hbWUlM0QlMjJCSVJUSERBWSU1QmRheSU1RCUyMiUyMGlkJTNEJTIybWNlLUJJUlRIREFZLWRheSUyMiUzRSUzQyUyRnNwYW4lM0UlMjAlMEElMDklMDklM0NzcGFuJTIwY2xhc3MlM0QlMjJzbWFsbC1tZXRhJTIwbm93cmFwJTIyJTNFJTI4JTIwbW0lMjAlMkYlMjBkZCUyMCUyOSUzQyUyRnNwYW4lM0UlMEElMDklM0MlMkZkaXYlM0UlMEElM0MlMkZkaXYlM0UlMDklM0NkaXYlMjBpZCUzRCUyMm1jZS1yZXNwb25zZXMlMjIlMjBjbGFzcyUzRCUyMmNsZWFyJTIyJTNFJTBBJTA5JTA5JTNDZGl2JTIwY2xhc3MlM0QlMjJyZXNwb25zZSUyMiUyMGlkJTNEJTIybWNlLWVycm9yLXJlc3BvbnNlJTIyJTIwc3R5bGUlM0QlMjJkaXNwbGF5JTNBbm9uZSUyMiUzRSUzQyUyRmRpdiUzRSUwQSUwOSUwOSUzQ2RpdiUyMGNsYXNzJTNEJTIycmVzcG9uc2UlMjIlMjBpZCUzRCUyMm1jZS1zdWNjZXNzLXJlc3BvbnNlJTIyJTIwc3R5bGUlM0QlMjJkaXNwbGF5JTNBbm9uZSUyMiUzRSUzQyUyRmRpdiUzRSUwQSUwOSUzQyUyRmRpdiUzRSUyMCUyMCUyMCUyMCUzQyUyMS0tJTIwcmVhbCUyMHBlb3BsZSUyMHNob3VsZCUyMG5vdCUyMGZpbGwlMjB0aGlzJTIwaW4lMjBhbmQlMjBleHBlY3QlMjBnb29kJTIwdGhpbmdzJTIwLSUyMGRvJTIwbm90JTIwcmVtb3ZlJTIwdGhpcyUyMG9yJTIwcmlzayUyMGZvcm0lMjBib3QlMjBzaWdudXBzLS0lM0UlMEElMjAlMjAlMjAlMjAlM0NkaXYlMjBzdHlsZSUzRCUyMnBvc2l0aW9uJTNBJTIwYWJzb2x1dGUlM0IlMjBsZWZ0JTNBJTIwLTUwMDBweCUzQiUyMiUyMGFyaWEtaGlkZGVuJTNEJTIydHJ1ZSUyMiUzRSUzQ2lucHV0JTIwdHlwZSUzRCUyMnRleHQlMjIlMjBuYW1lJTNEJTIyYl84ZTkwNGVjYjcxMzU0MzJiNTBkMTc1ZWNmX2I2MTliYzIzMGYlMjIlMjB0YWJpbmRleCUzRCUyMi0xJTIyJTIwdmFsdWUlM0QlMjIlMjIlM0UlM0MlMkZkaXYlM0UlMEElMjAlMjAlMjAlMjAlM0NkaXYlMjBjbGFzcyUzRCUyMmNsZWFyJTIyJTNFJTNDaW5wdXQlMjB0eXBlJTNEJTIyc3VibWl0JTIyJTIwdmFsdWUlM0QlMjJTdWJzY3JpYmUlMjIlMjBuYW1lJTNEJTIyc3Vic2NyaWJlJTIyJTIwaWQlM0QlMjJtYy1lbWJlZGRlZC1zdWJzY3JpYmUlMjIlMjBjbGFzcyUzRCUyMmJ1dHRvbiUyMiUzRSUzQyUyRmRpdiUzRSUwQSUyMCUyMCUyMCUyMCUzQyUyRmRpdiUzRSUwQSUzQyUyRmZvcm0lM0UlMEElM0MlMkZkaXYlM0UlMEElMEElM0MlMjEtLUVuZCUyMG1jX2VtYmVkX3NpZ251cC0tJTNFJTBB[\/vc_raw_html]","protected":false},"author":1,"featured_media":10994,"parent":0,"menu_order":0,"comment_status":"closed","ping_status":"closed","template":"","meta":{"_acf_changed":false,"footnotes":""},"categories":[],"tags":[],"class_list":["post-10996","page","type-page","status-publish","has-post-thumbnail","hentry"],"acf":[],"_links":{"self":[{"href":"https:\/\/www.kunstkommission-duesseldorf.de\/en\/wp-json\/wp\/v2\/pages\/10996","targetHints":{"allow":["GET"]}}],"collection":[{"href":"https:\/\/www.kunstkommission-duesseldorf.de\/en\/wp-json\/wp\/v2\/pages"}],"about":[{"href":"https:\/\/www.kunstkommission-duesseldorf.de\/en\/wp-json\/wp\/v2\/types\/page"}],"author":[{"embeddable":true,"href":"https:\/\/www.kunstkommission-duesseldorf.de\/en\/wp-json\/wp\/v2\/users\/1"}],"replies":[{"embeddable":true,"href":"https:\/\/www.kunstkommission-duesseldorf.de\/en\/wp-json\/wp\/v2\/comments?post=10996"}],"version-history":[{"count":1,"href":"https:\/\/www.kunstkommission-duesseldorf.de\/en\/wp-json\/wp\/v2\/pages\/10996\/revisions"}],"predecessor-version":[{"id":10997,"href":"https:\/\/www.kunstkommission-duesseldorf.de\/en\/wp-json\/wp\/v2\/pages\/10996\/revisions\/10997"}],"wp:featuredmedia":[{"embeddable":true,"href":"https:\/\/www.kunstkommission-duesseldorf.de\/en\/wp-json\/wp\/v2\/media\/10994"}],"wp:attachment":[{"href":"https:\/\/www.kunstkommission-duesseldorf.de\/en\/wp-json\/wp\/v2\/media?parent=10996"}],"wp:term":[{"taxonomy":"category","embeddable":true,"href":"https:\/\/www.kunstkommission-duesseldorf.de\/en\/wp-json\/wp\/v2\/categories?post=10996"},{"taxonomy":"post_tag","embeddable":true,"href":"https:\/\/www.kunstkommission-duesseldorf.de\/en\/wp-json\/wp\/v2\/tags?post=10996"}],"curies":[{"name":"wp","href":"https:\/\/api.w.org\/{rel}","templated":true}]}}