{"id":10990,"date":"2021-06-14T08:30:05","date_gmt":"2021-06-14T06:30:05","guid":{"rendered":"https:\/\/www.kunstkommission-duesseldorf.de\/about-us\/faq\/"},"modified":"2026-01-08T12:53:24","modified_gmt":"2026-01-08T11:53:24","slug":"faq","status":"publish","type":"page","link":"https:\/\/www.kunstkommission-duesseldorf.de\/en\/about-us\/faq\/","title":{"rendered":"FAQ"},"content":{"rendered":"<section role=\"region\" aria-labelledby=\"hero-title\" class=\"l-section wpb_row us_custom_64be34c9 height_auto full_height valign_bottom with_img\"><div class=\"l-section-img\" role=\"img\" aria-label=\"Image\" data-img-width=\"2560\" data-img-height=\"1920\" style=\"background-image: url(https:\/\/www.kunstkommission-duesseldorf.de\/wp-content\/uploads\/2021\/06\/IMG_0277-scaled.jpg);\"><\/div><div class=\"l-section-overlay\" style=\"background:rgba(0,0,0,0.25)\"><\/div><div class=\"l-section-h i-cf\"><div class=\"g-cols vc_row via_flex valign_top type_default stacking_default\"><div class=\"vc_col-sm-12 vc_col-lg-offset-0 vc_col-lg-8 vc_col-md-offset-1 vc_col-md-10 vc_col-sm-offset-1 vc_col-xs-offset-1 vc_col-xs-10 wpb_column vc_column_container hero-flex-column\"><div class=\"vc_column-inner us_custom_55a2e57e\"><div class=\"wpb_wrapper\"><div class=\"w-separator hero-spacer-top size_custom\" style=\"height:0px\"><\/div><div class=\"w-separator size_custom\" style=\"height:3px\" id=\"zb37\"><style>@media(max-width:600px){ #zb37{height:1px!important}}<\/style><\/div><h1 class=\"w-post-elm post_custom_field us_custom_7223f3e3 project-title type_text page-headline color_link_inherit\" id=\"hero-title\"><span class=\"w-post-elm-value\">FAQs about the Kunstkommission<\/span><\/h1><div class=\"w-separator size_custom\" style=\"height:1px\" id=\"zdab\"><style>@media(max-width:1024px){ #zdab{height:5px!important}}<\/style><\/div><div class=\"w-separator hero-spacer-bottom size_custom\" style=\"height:0px\" id=\"sdcf\"><style><\/style><\/div><\/div><\/div><\/div><div class=\"vc_col-sm-12 wpb_column vc_column_container\"><div class=\"vc_column-inner\"><div class=\"wpb_wrapper\"><div class=\"w-post-elm post_custom_field us_custom_120c3d6f kk-copyright has_text_color type_text page-copyright color_link_inherit\"><span class=\"w-post-elm-before\">Photo: <\/span><span class=\"w-post-elm-value\">Nicolas Grosch<\/span><\/div><\/div><\/div><\/div><\/div><\/div><\/section>\n<section class=\"l-section wpb_row height_medium\"><div class=\"l-section-h i-cf\"><div class=\"g-cols vc_row via_flex valign_top type_default stacking_default\"><div class=\"vc_col-sm-12 vc_col-lg-offset-2 vc_col-lg-8 wpb_column vc_column_container us_animate_fade\"><div class=\"vc_column-inner\"><div class=\"wpb_wrapper\"><div class=\"w-tabs style_default switch_click accordion has_scrolling\" style=\"--sections-title-size:inherit\"><div class=\"w-tabs-sections titles-align_none icon_chevron cpos_right\"><div class=\"w-tabs-section\" id=\"mc49\"><button class=\"w-tabs-section-header\" aria-controls=\"content-mc49\" aria-expanded=\"false\"><div class=\"w-tabs-section-title\">Wie wird die Kunstkommission gebildet?<\/div><div class=\"w-tabs-section-control\"><\/div><\/button><div  class=\"w-tabs-section-content\" id=\"content-mc49\"><div class=\"w-tabs-section-content-h i-cf\"><div class=\"wpb_text_column\"><div class=\"wpb_wrapper\"><p>Letztendlich entscheidet der Rat der Landeshauptstadt D\u00fcsseldorf \u00fcber die Mitglieder der Kommission. Die einzelnen Berufsgruppen machen \u00fcber die Fachaussch\u00fcsse des Rats dazu Vorschl\u00e4ge. Von K\u00fcnstlerseite werden 6 ordentliche Mitglieder und 6 Stellvertreter*innen zur Bildung der Kommission ben\u00f6tigt. 3 ordentliche Mitglieder und 6 Stellvertreter*innen werden direkt von den D\u00fcsseldorfer K\u00fcnstlern*innen gew\u00e4hlt. Die drei weiteren ordentlichen Mitglieder werden auf der Grundlage eines Votums der scheidenden Kommission zur Bestellung vorgeschlagen.<\/p>\n<\/div><\/div><\/div><\/div><\/div><div class=\"w-tabs-section\" id=\"1623659424933-1e674583-af56\"><button class=\"w-tabs-section-header\" aria-controls=\"content-1623659424933-1e674583-af56\" aria-expanded=\"false\"><div class=\"w-tabs-section-title\">Wer ist wahlberechtigt? Wer kann kandidieren?<\/div><div class=\"w-tabs-section-control\"><\/div><\/button><div  class=\"w-tabs-section-content\" id=\"content-1623659424933-1e674583-af56\"><div class=\"w-tabs-section-content-h i-cf\"><div class=\"wpb_text_column\"><div class=\"wpb_wrapper\"><div id=\"collapse-2\" class=\"collapse show\" aria-labelledby=\"heading-2\" data-parent=\"#accordion\">\n<div class=\"card-body\">\n<div class=\"row\">\n<div class=\"col-12 aos-init aos-animate\" data-aos=\"fade-up\">\n<p>Sich zur Wahl stellen und w\u00e4hlen k\u00f6nnen:<\/p>\n<ul>\n<li>alle Inhaber*innen der K\u00fcnstlerkarte des Kulturamtes der Landeshauptstadt D\u00fcsseldorf<\/li>\n<li>Absolventen*innen und der staatlichen Kunstakademie D\u00fcsseldorf mit Wohnsitz in D\u00fcsseldorf<\/li>\n<li>eingeschriebene ordentliche Studenten*innen der Staatlichen Kunstakademie D\u00fcsseldorf<\/li>\n<li>die ordentlichen Mitglieder der verschiedenen K\u00fcnstlervereinigungen aus D\u00fcsseldorf.<\/li>\n<\/ul>\n<\/div>\n<\/div>\n<\/div>\n<\/div>\n<\/div><\/div><\/div><\/div><\/div><div class=\"w-tabs-section\" id=\"1623659484264-c5e3afc3-f43b\"><button class=\"w-tabs-section-header\" aria-controls=\"content-1623659484264-c5e3afc3-f43b\" aria-expanded=\"false\"><div class=\"w-tabs-section-title\">Wer organisiert die Wahl der Vertreter*innen der K\u00fcnstlerschaft?<\/div><div class=\"w-tabs-section-control\"><\/div><\/button><div  class=\"w-tabs-section-content\" id=\"content-1623659484264-c5e3afc3-f43b\"><div class=\"w-tabs-section-content-h i-cf\"><div class=\"wpb_text_column\"><div class=\"wpb_wrapper\"><p>Die Gesch\u00e4ftsstelle der Kommission f\u00fcr Kunst im \u00f6ffentlichen Raum.<\/p>\n<\/div><\/div><\/div><\/div><\/div><div class=\"w-tabs-section\" id=\"d5ff\"><button class=\"w-tabs-section-header\" aria-controls=\"content-d5ff\" aria-expanded=\"false\"><div class=\"w-tabs-section-title\">Wie wird die Realisierung der Kunstwerke, die Arbeit der Kunstkommission und die der Gesch\u00e4ftsstelle finanziert?<\/div><div class=\"w-tabs-section-control\"><\/div><\/button><div  class=\"w-tabs-section-content\" id=\"content-d5ff\"><div class=\"w-tabs-section-content-h i-cf\"><div class=\"wpb_text_column\"><div class=\"wpb_wrapper\"><p>Die Landeshauptstadt D\u00fcsseldorf kann Projekte f\u00fcr Kunst im \u00f6ffentlichen Raum j\u00e4hrlich mit einem Anteil von bis zu 2% der durchschnittlichen Hochbaukosten an st\u00e4dtischen Geb\u00e4uden in den vorangegangenen drei Jahren finanzieren. Das jeweilige Jahresbudget wird j\u00e4hrlich \u00fcberpr\u00fcft und fortgeschrieben; der Durchschnittswert wird auf der Basis der letzten drei vorliegenden Jahresabschl\u00fcsse ermittelt und in den Haushalt eingestellt. Bis auf Weiteres betr\u00e4gt das Jahresbudget der Kunstkommission 700.000 Euro. Die Kosten der Gesch\u00e4ftsstelle der Kunstkommission sind in diesem Betrag enthalten.<\/p>\n<\/div><\/div><\/div><\/div><\/div><div class=\"w-tabs-section\" id=\"f988\"><button class=\"w-tabs-section-header\" aria-controls=\"content-f988\" aria-expanded=\"false\"><div class=\"w-tabs-section-title\">Welche Aufgaben hat die Gesch\u00e4ftsstelle?<\/div><div class=\"w-tabs-section-control\"><\/div><\/button><div  class=\"w-tabs-section-content\" id=\"content-f988\"><div class=\"w-tabs-section-content-h i-cf\"><div class=\"wpb_text_column\"><div class=\"wpb_wrapper\"><div id=\"collapse-6\" class=\"collapse show\" aria-labelledby=\"heading-6\" data-parent=\"#accordion\">\n<div class=\"card-body\">\n<div class=\"row\">\n<div class=\"col-12 aos-init aos-animate\" data-aos=\"fade-up\">\n<p>Die Gesch\u00e4ftsstelle der Kunstkommission geh\u00f6rt zur Verwaltung der Landeshauptstadt D\u00fcsseldorf und ist dem Kulturdezernat zugeordnet. Die Gesch\u00e4ftsstelle:<\/p>\n<ul>\n<li>organisiert die Wettbewerbe und die Sitzungen der Kommission.<\/li>\n<li>begleitet und dokumentiert die Realisierung von Kunstwerken.<\/li>\n<li>organisiert die \u00d6ffentlichkeits- und Vermittlungsarbeit und verwaltet die Finanzen der Kommission.<\/li>\n<\/ul>\n<\/div>\n<\/div>\n<\/div>\n<\/div>\n<\/div><\/div><\/div><\/div><\/div><div class=\"w-tabs-section\" id=\"qcea\"><button class=\"w-tabs-section-header\" aria-controls=\"content-qcea\" aria-expanded=\"false\"><div class=\"w-tabs-section-title\">Was ist neu an der Kunstkommission?<\/div><div class=\"w-tabs-section-control\"><\/div><\/button><div  class=\"w-tabs-section-content\" id=\"content-qcea\"><div class=\"w-tabs-section-content-h i-cf\"><div class=\"wpb_text_column\"><div class=\"wpb_wrapper\"><div id=\"collapse-7\" class=\"collapse show\" aria-labelledby=\"heading-7\" data-parent=\"#accordion\">\n<div class=\"card-body\">\n<div class=\"row\">\n<div class=\"col-12 aos-init aos-animate\" data-aos=\"fade-up\">\n<p>Bisher gab es kein klar strukturiertes Verfahren f\u00fcr Kunst am Bau und im \u00f6ffentlichen Raum in D\u00fcsseldorf. Die Realisierung von Kunstwerken im st\u00e4dtischen Auftrag geschah eher zuf\u00e4llig und die Verfahren dazu waren wenig transparent.<\/p>\n<p>Mit der Kunstkommission gibt es in Zukunft ein festes Budget (bis auf weiteres 700.000 \u20ac jedes Jahr) und regelm\u00e4\u00dfige transparente Wettbewerbe in D\u00fcsseldorf f\u00fcr Kunst im \u00f6ffentlichen Raum. An der Gestaltung und Entscheidungen dieser Wettbewerbe werden die K\u00fcnstler*innen ma\u00dfgeblich beteiligt. Ferner k\u00f6nnen die B\u00fcrger*innen, die Bezirksvertretungen und andere Gremien der Stadt bei der Kommission Vorschl\u00e4ge f\u00fcr Kunstprojekte einreichen\u00a0 (und zu Ideengebern*innen i.S. der Richtlinie werden).<\/p>\n<\/div>\n<\/div>\n<\/div>\n<\/div>\n<\/div><\/div><\/div><\/div><\/div><div class=\"w-tabs-section\" id=\"h0bf\"><button class=\"w-tabs-section-header\" aria-controls=\"content-h0bf\" aria-expanded=\"false\"><div class=\"w-tabs-section-title\">Was macht die Kunstkommission?<\/div><div class=\"w-tabs-section-control\"><\/div><\/button><div  class=\"w-tabs-section-content\" id=\"content-h0bf\"><div class=\"w-tabs-section-content-h i-cf\"><div class=\"wpb_text_column\"><div class=\"wpb_wrapper\"><div id=\"collapse-8\" class=\"collapse show\" aria-labelledby=\"heading-8\" data-parent=\"#accordion\">\n<div class=\"card-body\">\n<div class=\"row\">\n<div class=\"col-12 aos-init aos-animate\" data-aos=\"fade-up\">\n<p>Die Kunstkommission gibt Empfehlungen ab \u00fcber:<\/p>\n<ul>\n<li>den Sinn und die Zweckm\u00e4\u00dfigkeit von Kunst bei \u00f6ffentlichen Bauvorhaben und Projekten im \u00f6ffentlichen Raum,<\/li>\n<li>die Auswahl von Standorten f\u00fcr Kunst im \u00f6ffentlichen Raum,<\/li>\n<li>die Art des Verfahrens zur Realisierung von Kunstprojekten,<\/li>\n<li>die Auswahl der K\u00fcnstler*innen im Rahmen der Realisierung von Kunstprojekten,<\/li>\n<li>die Auswahl des zu realisierenden Entwurfs bei Wettbewerben,<\/li>\n<li>die Angemessenheit und H\u00f6he von Honoraren der im Rahmen eines Wettbewerbs der Kunstkommission ausgew\u00e4hlten Preistr\u00e4ger*innen sowie der sonstigen K\u00fcnstler*innen, wenn sie im Rahmen eines Wettbewerbsverfahrens der Kunstkommission eine finanzielle Verg\u00fctung erhalten,<\/li>\n<li>die Dauer der Aufstellung von Kunstwerken und Durchf\u00fchrung von Kunstprojekten,<\/li>\n<li>die vor\u00fcbergehende oder dauerhafte Versetzung, Wiederaufstellung und Entfernung von Kunstwerken an bzw. von st\u00e4dtischen Geb\u00e4uden sowie im bzw. aus dem \u00f6ffentlichen Raum,<\/li>\n<li>an die Stadt herangetragene k\u00fcnstlerische Konzepte f\u00fcr Kunstprojekte im \u00f6ffentlichen Raum,<\/li>\n<li>eine Kooperation mit geplanten oder laufenden Kunstprojekten Dritter,<\/li>\n<li>die angemessene kuratorische Begleitung von Kunstprojekten,<\/li>\n<li>die angemessene Vermittlung und Dokumentation von Kunstprojekten,<\/li>\n<li>die Beratung des Beirats bildende Kunst auf Anfrage bez\u00fcglich der Beurteilung von Street-Art-Projekten.<\/li>\n<\/ul>\n<\/div>\n<\/div>\n<\/div>\n<\/div>\n<\/div><\/div><\/div><\/div><\/div><div class=\"w-tabs-section\" id=\"x394\"><button class=\"w-tabs-section-header\" aria-controls=\"content-x394\" aria-expanded=\"false\"><div class=\"w-tabs-section-title\">Wer kann seine Daten in den digitalen K\u00fcnstlerpool einpflegen?<\/div><div class=\"w-tabs-section-control\"><\/div><\/button><div  class=\"w-tabs-section-content\" id=\"content-x394\"><div class=\"w-tabs-section-content-h i-cf\"><div class=\"wpb_text_column\"><div class=\"wpb_wrapper\"><p>Professionelle K\u00fcnstler*innen und K\u00fcnstler*innengruppen weltweit k\u00f6nnen sich mit einem Portfolio in den digitalen K\u00fcnstlerpool der Kunstkommission eintragen. Die Berechtigung zur Eintragung wird im Vorfeld von der Gesch\u00e4ftsstelle der Kunstkommission gepr\u00fcft. Es ist ein Nachweis \u00fcber die Professionalit\u00e4t zu f\u00fchren mit einem Lebenslauf, einem Ausstellungsnachweis (mind. 3 Ausstellungen eigener Kunstwerke an einem \u00f6ffentlichen Ort) und\/oder durch realisierte Kunstprojekte und\/oder den Nachweis \u00fcber ein Hochschulstudium im Bereich Kunst. Nach Pr\u00fcfung der eingereichten Unterlagen durch die Gesch\u00e4ftsstelle erhalten die K\u00fcnstler*innen bei positivem Entscheid einen Link f\u00fcr einen Bereich, in den sie ihre Daten einpflegen k\u00f6nnen.<\/p>\n<\/div><\/div><\/div><\/div><\/div><div class=\"w-tabs-section\" id=\"f627\"><button class=\"w-tabs-section-header\" aria-controls=\"content-f627\" aria-expanded=\"false\"><div class=\"w-tabs-section-title\">Wie lang ist die Amtszeit der Kunstkommission?<\/div><div class=\"w-tabs-section-control\"><\/div><\/button><div  class=\"w-tabs-section-content\" id=\"content-f627\"><div class=\"w-tabs-section-content-h i-cf\"><div class=\"wpb_text_column\"><div class=\"wpb_wrapper\"><p>Die Amtszeit der Kommission dauert in der Regel 3 Jahre. Die K\u00fcnstler*innen in einer Kommission k\u00f6nnen nicht in die\u00a0 unmittelbar folgende Kommission gew\u00e4hlt werden. Sie m\u00fcssen mindestens eine Amtszeit aussetzen.<\/p>\n<\/div><\/div><\/div><\/div><\/div><div class=\"w-tabs-section\" id=\"j8fe\"><button class=\"w-tabs-section-header\" aria-controls=\"content-j8fe\" aria-expanded=\"false\"><div class=\"w-tabs-section-title\">Welche Regeln gelten f\u00fcr die Mitglieder der Kunstkommission?<\/div><div class=\"w-tabs-section-control\"><\/div><\/button><div  class=\"w-tabs-section-content\" id=\"content-j8fe\"><div class=\"w-tabs-section-content-h i-cf\"><div class=\"wpb_text_column\"><div class=\"wpb_wrapper\"><p>Die Mitglieder und die Stellvertretungen der Kunstkommission sind f\u00fcr die Dauer der Amtszeit von der Teilnahme an den Wettbewerben der Kunstkommission ausgeschlossen. Mitglieder als auch Stellvertreter*innen d\u00fcrfen von der Kunstkommission nicht f\u00fcr Direktbeauftragungen empfohlen werden. F\u00fcr alle Mitglieder der Kommission gilt eine Verschwiegenheitspflicht in juryrelevanten Angelegenheiten.<\/p>\n<\/div><\/div><\/div><\/div><\/div><div class=\"w-tabs-section\" id=\"rbb7\"><button class=\"w-tabs-section-header\" aria-controls=\"content-rbb7\" aria-expanded=\"false\"><div class=\"w-tabs-section-title\">Mit welchem zeitlichen Aufwand ist die T\u00e4tigkeit verbunden?<\/div><div class=\"w-tabs-section-control\"><\/div><\/button><div  class=\"w-tabs-section-content\" id=\"content-rbb7\"><div class=\"w-tabs-section-content-h i-cf\"><div class=\"wpb_text_column\"><div class=\"wpb_wrapper\"><p>Die Kommission kommt zu 6 bis 10 Treffen im Kalenderjahr f\u00fcr mehrst\u00fcndige Sitzungen zusammen. Die Mitglieder der Kommission m\u00fcssen sich dar\u00fcber hinaus auf die Sitzungen vorbereiten und an der Formulierung von Beurteilungen mitwirken. F\u00fcr die Teilnahme an den Sitzungen wird eine Aufwandsentsch\u00e4digung gezahlt.<\/p>\n<\/div><\/div><\/div><\/div><\/div><div class=\"w-tabs-section\" id=\"ee7a\"><button class=\"w-tabs-section-header\" aria-controls=\"content-ee7a\" aria-expanded=\"false\"><div class=\"w-tabs-section-title\">Welche Regeln gelten f\u00fcr die Kunstkommission und wie sind diese entstanden?<\/div><div class=\"w-tabs-section-control\"><\/div><\/button><div  class=\"w-tabs-section-content\" id=\"content-ee7a\"><div class=\"w-tabs-section-content-h i-cf\"><div class=\"wpb_text_column\"><div class=\"wpb_wrapper\"><div id=\"heading-13\" class=\"card-header\">\n<p>Die \u201eRichtlinie der Landeshauptstadt D\u00fcsseldorf f\u00fcr Kunst im \u00f6ffentlichen Raum\u201c (Stand 27.05.2021) bestimmen die Aufgaben und Zusammensetzung der Kunstkommission. Die Richtlinie wurden nach einer Evaluation durch die erste Kommission auf der Grundlage der urspr\u00fcnglichen Richtlinien weiterentwickelt.<\/p>\n<\/div>\n<\/div><\/div><\/div><\/div><\/div><div class=\"w-tabs-section\" id=\"p156\"><button class=\"w-tabs-section-header\" aria-controls=\"content-p156\" aria-expanded=\"false\"><div class=\"w-tabs-section-title\">Wer kann sich f\u00fcr Wettbewerbe der Kunstkommission bewerben?<\/div><div class=\"w-tabs-section-control\"><\/div><\/button><div  class=\"w-tabs-section-content\" id=\"content-p156\"><div class=\"w-tabs-section-content-h i-cf\"><div class=\"wpb_text_column\"><div class=\"wpb_wrapper\"><p>Ziel der Kommission ist es, m\u00f6glichst viele unterschiedliche regionale und internationale K\u00fcnstler*innen f\u00fcr die Teilnahme an Wettbewerben zu gewinnen. Daher k\u00f6nnen K\u00fcnstler*innen (unabh\u00e4ngig von der Beteiligung an konkreten Wettbewerben) ein Portfolio mit eigenen Arbeiten und Kontaktdaten in den digitalen K\u00fcnstlerpool auf der Homepage der Kommission einpflegen und so ihr Interesse an einer Beteiligung an Wettbewerben bekunden.<\/p>\n<\/div><\/div><\/div><\/div><\/div><div class=\"w-tabs-section\" id=\"l3b6\"><button class=\"w-tabs-section-header\" aria-controls=\"content-l3b6\" aria-expanded=\"false\"><div class=\"w-tabs-section-title\">Welche Wettbewerbsverfahren kommen zur Anwendung?<\/div><div class=\"w-tabs-section-control\"><\/div><\/button><div  class=\"w-tabs-section-content\" id=\"content-l3b6\"><div class=\"w-tabs-section-content-h i-cf\"><div class=\"wpb_text_column\"><div class=\"wpb_wrapper\"><p>Die Kommission entscheidet spezifisch f\u00fcr jedes einzelne Projekt \u00fcber das anzuwendende Wettbewerbsverfahren.<\/p>\n<\/div><\/div><\/div><\/div><\/div><div class=\"w-tabs-section\" id=\"1623660003194-522f631e-a4c5\"><button class=\"w-tabs-section-header\" aria-controls=\"content-1623660003194-522f631e-a4c5\" aria-expanded=\"false\"><div class=\"w-tabs-section-title\">Wie ist die Zusammensetzung der Kunstkommission?<\/div><div class=\"w-tabs-section-control\"><\/div><\/button><div  class=\"w-tabs-section-content\" id=\"content-1623660003194-522f631e-a4c5\"><div class=\"w-tabs-section-content-h i-cf\"><div class=\"wpb_text_column\"><div class=\"wpb_wrapper\"><div id=\"collapse-16\" class=\"collapse show\" aria-labelledby=\"heading-16\" data-parent=\"#accordion\">\n<div class=\"card-body\">\n<div class=\"row\">\n<div class=\"col-12 aos-init aos-animate\" data-aos=\"fade-up\">\n<p>In der Kommission sitzen mit Stimmrecht:<\/p>\n<ul>\n<li>6 K\u00fcnstler*innen<\/li>\n<li>4 Politiker*innen als Vertretungen der im Rat vorhandenen Fraktionen<\/li>\n<li>2 Kunstwissenschaftler*in<\/li>\n<li>1 Planer*in oder Architekt*in<\/li>\n<li>und je nach Projekt der\/die planende Architekt*in oder der\/die Ideengeber*in<\/li>\n<\/ul>\n<p>ohne Stimmrecht:<\/p>\n<ul>\n<li>die\/der Beigeordnete f\u00fcr Kultur der Landeshauptstadt D\u00fcsseldorf<\/li>\n<li>der\/die f\u00fcr das Bauvorhaben zust\u00e4ndige Beigeordnete\/r \/ der Landeshauptstadt D\u00fcsseldorf<\/li>\n<li>der\/die Bezirksb\u00fcrgermeister*in der jeweils betroffenen Bezirksvertretung<\/li>\n<li>ein\/e Interessensvertreter*in der Nutzerin beziehungsweise des Nutzers bzw. der betroffenen Institution<\/li>\n<li>Sachverst\u00e4ndige, die auf Einladung der Kunstkommission hinzugezogen werden k\u00f6nnen.<\/li>\n<\/ul>\n<p>F\u00fcr alle Mitglieder der Kommission werden Stellvertreter*innen ernannt.<\/p>\n<\/div>\n<\/div>\n<\/div>\n<\/div>\n<\/div><\/div><\/div><\/div><\/div><\/div><\/div><\/div><\/div><\/div><\/div><\/div><\/section>\n","protected":false},"excerpt":{"rendered":"FAQs about the KunstkommissionPhoto: Nicolas Grosch Wie wird die Kunstkommission gebildet?Letztendlich entscheidet der Rat der Landeshauptstadt D\u00fcsseldorf \u00fcber die Mitglieder der Kommission. Die einzelnen Berufsgruppen machen \u00fcber die Fachaussch\u00fcsse des Rats dazu Vorschl\u00e4ge. Von K\u00fcnstlerseite werden 6 ordentliche Mitglieder und 6 Stellvertreter*innen zur Bildung der Kommission ben\u00f6tigt. 3 ordentliche Mitglieder und 6 Stellvertreter*innen werden direkt...","protected":false},"author":1,"featured_media":10988,"parent":10687,"menu_order":0,"comment_status":"closed","ping_status":"closed","template":"","meta":{"_acf_changed":false,"footnotes":""},"categories":[],"tags":[],"class_list":["post-10990","page","type-page","status-publish","has-post-thumbnail","hentry"],"acf":[],"_links":{"self":[{"href":"https:\/\/www.kunstkommission-duesseldorf.de\/en\/wp-json\/wp\/v2\/pages\/10990","targetHints":{"allow":["GET"]}}],"collection":[{"href":"https:\/\/www.kunstkommission-duesseldorf.de\/en\/wp-json\/wp\/v2\/pages"}],"about":[{"href":"https:\/\/www.kunstkommission-duesseldorf.de\/en\/wp-json\/wp\/v2\/types\/page"}],"author":[{"embeddable":true,"href":"https:\/\/www.kunstkommission-duesseldorf.de\/en\/wp-json\/wp\/v2\/users\/1"}],"replies":[{"embeddable":true,"href":"https:\/\/www.kunstkommission-duesseldorf.de\/en\/wp-json\/wp\/v2\/comments?post=10990"}],"version-history":[{"count":6,"href":"https:\/\/www.kunstkommission-duesseldorf.de\/en\/wp-json\/wp\/v2\/pages\/10990\/revisions"}],"predecessor-version":[{"id":11005,"href":"https:\/\/www.kunstkommission-duesseldorf.de\/en\/wp-json\/wp\/v2\/pages\/10990\/revisions\/11005"}],"up":[{"embeddable":true,"href":"https:\/\/www.kunstkommission-duesseldorf.de\/en\/wp-json\/wp\/v2\/pages\/10687"}],"wp:featuredmedia":[{"embeddable":true,"href":"https:\/\/www.kunstkommission-duesseldorf.de\/en\/wp-json\/wp\/v2\/media\/10988"}],"wp:attachment":[{"href":"https:\/\/www.kunstkommission-duesseldorf.de\/en\/wp-json\/wp\/v2\/media?parent=10990"}],"wp:term":[{"taxonomy":"category","embeddable":true,"href":"https:\/\/www.kunstkommission-duesseldorf.de\/en\/wp-json\/wp\/v2\/categories?post=10990"},{"taxonomy":"post_tag","embeddable":true,"href":"https:\/\/www.kunstkommission-duesseldorf.de\/en\/wp-json\/wp\/v2\/tags?post=10990"}],"curies":[{"name":"wp","href":"https:\/\/api.w.org\/{rel}","templated":true}]}}