{"id":10984,"date":"2021-06-14T08:19:39","date_gmt":"2021-06-14T06:19:39","guid":{"rendered":"https:\/\/www.kunstkommission-duesseldorf.de\/datenschutz\/"},"modified":"2026-01-08T12:47:27","modified_gmt":"2026-01-08T11:47:27","slug":"privacy-policy","status":"publish","type":"page","link":"https:\/\/www.kunstkommission-duesseldorf.de\/en\/privacy-policy\/","title":{"rendered":"Privacy policy"},"content":{"rendered":"<section role=\"region\" aria-labelledby=\"hero-title\" class=\"l-section wpb_row us_custom_64be34c9 height_auto full_height valign_bottom with_img\"><div class=\"l-section-img\" role=\"img\" aria-label=\"Kunstkommission D\u00fcsseldorf, Datenschutz\" data-img-width=\"1500\" data-img-height=\"692\" style=\"background-image: url(https:\/\/www.kunstkommission-duesseldorf.de\/wp-content\/uploads\/2021\/06\/Header_Datenschutz.ba6f32f1.jpg);\"><\/div><div class=\"l-section-overlay\" style=\"background:rgba(0,0,0,0.25)\"><\/div><div class=\"l-section-h i-cf\"><div class=\"g-cols vc_row via_flex valign_top type_default stacking_default\"><div class=\"vc_col-sm-12 vc_col-lg-offset-0 vc_col-lg-8 vc_col-md-offset-1 vc_col-md-10 vc_col-sm-offset-1 vc_col-xs-offset-1 vc_col-xs-10 wpb_column vc_column_container hero-flex-column\"><div class=\"vc_column-inner us_custom_55a2e57e\"><div class=\"wpb_wrapper\"><div class=\"w-separator hero-spacer-top size_custom\" style=\"height:0px\"><\/div><div class=\"w-post-elm post_taxonomy us_custom_9184691a background has_text_color style_simple color_link_inherit\"><span class=\"term-242 term-kunstkommission\">Kunstkommission<\/span><\/div><div class=\"w-separator size_custom\" style=\"height:3px\" id=\"v0a7\"><style>@media(max-width:600px){ #v0a7{height:1px!important}}<\/style><\/div><h1 class=\"w-post-elm post_custom_field us_custom_7223f3e3 project-title type_text page-headline color_link_inherit\" id=\"hero-title\"><span class=\"w-post-elm-value\">Privacy policy<\/span><\/h1><div class=\"w-separator size_custom\" style=\"height:1px\" id=\"h471\"><style>@media(max-width:1024px){ #h471{height:5px!important}}<\/style><\/div><div class=\"w-separator hero-spacer-bottom size_custom\" style=\"height:0px\" id=\"v79e\"><style><\/style><\/div><\/div><\/div><\/div><div class=\"vc_col-sm-12 wpb_column vc_column_container\"><div class=\"vc_column-inner\"><div class=\"wpb_wrapper\"><\/div><\/div><\/div><\/div><\/div><\/section>\n<section class=\"l-section wpb_row height_medium\"><div class=\"l-section-h i-cf\"><div class=\"g-cols vc_row via_flex valign_top type_default stacking_default\"><div class=\"vc_col-sm-12 vc_col-lg-offset-2 vc_col-lg-8 wpb_column vc_column_container\"><div class=\"vc_column-inner us_custom_a518f36e us_animate_this\"><div class=\"wpb_wrapper\"><div class=\"wpb_text_column\"><div class=\"wpb_wrapper\"><h2 class=\"top-headline hidden-xs switch-me\">Allgemeine Datenschutzerkl\u00e4rung nach der Datenschutz-Grundverordnung (DSGVO) f\u00fcr das Internet-Angebot auf &#8220;kunstkommission-duesseldorf.de&#8221;<\/h2>\n<p>&nbsp;<\/p>\n<h3>I. Verantwortlicher<\/h3>\n<p class=\"bodytext\">Verantwortlicher im Sinne des Art. 4 <abbr lang=\"de\" title=\"Nummer\">Nr.<\/abbr> 7 <abbr lang=\"de\" title=\"Datenschutz-Grundverordnung\">DSGVO<\/abbr> ist:<br \/>\nLandeshauptstadt D\u00fcsseldorf<br \/>\nDer Oberb\u00fcrgermeister<br \/>\nMarktplatz 2<br \/>\n40213 D\u00fcsseldorf<\/p>\n<p class=\"bodytext\">Telefon 0211-8991<br \/>\nTelefax 0211-8929222<br \/>\n<a class=\"link-mail\">info@duesseldorf.de<\/a><\/p>\n<h3>II. Erreichbarkeit des beh\u00f6rdlichen Datenschutzbeauftragten<\/h3>\n<p class=\"bodytext\">Wenn Sie Fragen dazu haben, ob die Stadt D\u00fcsseldorf Ihre Daten im Einklang mit dem Datenschutz verarbeitet, so k\u00f6nnen Sie diese richten an den beh\u00f6rdlichen Datenschutzbeauftragten der Landeshauptstadt D\u00fcsseldorf, Dezernat 07\/1, 40200 D\u00fcsseldorf, Telefon 0211-8991, E-Mail <a class=\"link-mail\">datenschutz07@duesseldorf.de<\/a>.<\/p>\n<p class=\"bodytext\">Alternativ &#8211; und f\u00fcr allgemeine Fragen zum Datenschutz &#8211; k\u00f6nnen Sie sich auch wenden an die Landesbeauftragte f\u00fcr Datenschutz und Informationsfreiheit Nordrhein-Westfalen, Kavalleriestra\u00dfe 2-4, 40213 D\u00fcsseldorf, Telefon 0211-384240, E-Mail <a class=\"link-mail\">poststelle@ldi.nrw.de<\/a>.<\/p>\n<h3>III. Allgemeines zur Datenverarbeitung<\/h3>\n<p class=\"bodytext\">Wir verarbeiten personenbezogene Daten unserer Nutzer, soweit dies zur Bereitstellung einer funktionsf\u00e4higen Website sowie unserer Inhalte und Leistungen erforderlich ist. Danach werden die Daten unverz\u00fcglich gel\u00f6scht. Sie werden bei der Landeshauptstadt D\u00fcsseldorf und bei dem mit der technischen Abwicklung beauftragten Partner, dem Zweckverband ITK Rheinland (<a class=\"link-external\" href=\"https:\/\/www.itk-rheinland.de\/\" target=\"_blank\" rel=\"noopener\">www.itk-rheinland.de<\/a>), vertraulich behandelt. Bei einzelnen e-government-Angeboten auf diesen Seiten beachten Sie bitte dort hinterlegte besondere Hinweise zum Datenschutz. Sie sollten ferner beachten, dass bei einer unverschl\u00fcsselten \u00dcbermittlung von Daten im Internet die M\u00f6glichkeit besteht, dass Dritte sie zur Kenntnis nehmen oder verf\u00e4lschen. Daten \u00fcber Onlineverfahren und -formulare, die unter www.duesseldorf.de angeboten werden, werden daher grunds\u00e4tzlich verschl\u00fcsselt (<abbr title=\"Hypertext Transfer Protocol Secure \/ Secure Sockets Layer\">HTTPS\/SSL<\/abbr>) ausgetauscht; sie sind so vor Mitlesen und Manipulation gesch\u00fctzt. Vertrauliche Daten sollten niemals mittels unverschl\u00fcsselter E-Mail \u00fcbersendet werden. N\u00e4here Informationen dazu finden Sie in den Rahmenbedingungen f\u00fcr die elektronische Kommunikation mit der Landeshauptstadt D\u00fcsseldorf.<\/p>\n<p class=\"bodytext\">Benutzen Sie die auf unseren Seiten angebotenen Formulare, so werden diese mit einer Transportverschl\u00fcsselung (<abbr title=\"Secure Sockets Layer\">SSL<\/abbr>-verschl\u00fcsselt) versehen. Ihre Daten werden so sicher zu uns transportiert. Da wir den Formularservice der Firma Form-Solutions <abbr title=\"eingetragener Kaufmann\/Kauffrau\">e.K.<\/abbr>, Karlsruhe (<a class=\"link-external\" href=\"https:\/\/www.form-solutions.de\" target=\"_blank\" rel=\"noopener\">www.form-solutions.de<\/a>) verwenden, werden die Formulare dort kurzzeitig zur Aufbereitung zwischengespeichert.<\/p>\n<p class=\"bodytext\">Ihre personenbezogenen Daten werden im Folgenden auf der Basis entweder einer gesetzlichen Grundlage oder Ihrer Einwilligung verarbeitet. Diese Grundlagen sind in Art. 6 Abs. 1 <abbr lang=\"de\" title=\"Datenschutz-Grundverordnung\">DSGVO<\/abbr> aufgef\u00fchrt. Gesetzlich ist eine Verarbeitung zul\u00e4ssig, wenn sie der Aufgabenerf\u00fcllung der Landeshauptstadt D\u00fcsseldorf dient; dann ist entweder das allgemeine Datenschutzrecht aus Art. 6 Abs. 1 <abbr lang=\"de\" title=\"Datenschutz-Grundverordnung\">DSGVO<\/abbr> i.V.m. \u00a7 3 Datenschutzgesetz (DSG) <abbr lang=\"de\" title=\"Nordrhein-Westfalen\">NRW<\/abbr> oder eine bereichsspezifische Rechtsvorschrift die Grundlage. Dar\u00fcber hinaus kann Ihre Einwilligung eine tragf\u00e4hige Grundlage der Datenverarbeitung sein.<\/p>\n<p class=\"bodytext\">Daten werden gel\u00f6scht, sobald sie f\u00fcr die Erreichung des Zweckes ihrer Erhebung nicht mehr erforderlich sind. Im Falle der Erfassung der Daten zur Bereitstellung der Website ist dies der Fall, wenn die jeweilige Sitzung beendet ist. Im Falle der Speicherung der Daten in den Logfiles des Webservers ist dies nach sp\u00e4testens sieben Tagen der Fall.<\/p>\n<h3>IV. Bereitstellung der Website und Erstellung von Logfiles<\/h3>\n<p class=\"bodytext\">Bei jedem Aufruf unserer Internetseite erfasst unser System automatisiert Daten und Informationen vom Computersystem des aufrufenden Rechners. Folgende Daten werden hierbei erhoben:<\/p>\n<ol type=\"a\">\n<li>Informationen \u00fcber den Browsertyp und die verwendete Version,<\/li>\n<li>das Betriebssystem des Nutzers,<\/li>\n<li>den Internet-Service-Provider des Nutzers,<\/li>\n<li>die IP-Adresse des Nutzers,<\/li>\n<li>Datum und Uhrzeit des Zugriffs,<\/li>\n<li>Websites, von denen das System des Nutzers auf unsere Internetseite gelangt,<\/li>\n<li>Websites, die vom System des Nutzers \u00fcber unsere Website aufgerufen werden.<\/li>\n<\/ol>\n<p class=\"bodytext\">Die Daten werden ebenfalls in den Logfiles unseres Systems gespeichert. Eine Speicherung dieser Daten zusammen mit anderen personenbezogenen Daten des Nutzers findet nicht statt.<\/p>\n<p class=\"bodytext\">Rechtsgrundlage f\u00fcr die vor\u00fcbergehende Speicherung der Daten und der Logfiles ist Art. 6 Abs. 1 lit. e) <abbr lang=\"de\" title=\"Datenschutz-Grundverordnung\">DSGVO<\/abbr>.<\/p>\n<p class=\"bodytext\">Die vor\u00fcbergehende Speicherung der IP-Adresse durch das System ist notwendig, um eine Auslieferung der Website an den Rechner des Nutzers zu erm\u00f6glichen. Hierf\u00fcr muss die IP-Adresse des Nutzers f\u00fcr die Dauer der Sitzung gespeichert bleiben. Die Speicherung in Logfiles erfolgt, um die Funktionsf\u00e4higkeit der Website sicherzustellen. Zudem dienen uns die Daten zur Optimierung der Website und zur Sicherstellung der Sicherheit unserer informationstechnischen Systeme. Eine Auswertung der Daten zu Marketingzwecken findet in diesem Zusammenhang nicht statt. In diesen Zwecken liegt auch das \u00f6ffentliche Interesse an der Datenverarbeitung nach Art. 6 Abs. 1 lit. e) <abbr lang=\"de\" title=\"Datenschutz-Grundverordnung\">DSGVO<\/abbr>.<\/p>\n<p class=\"bodytext\">Die Erfassung der Daten zur Bereitstellung der Website und die Speicherung der Daten in Logfiles ist f\u00fcr den Betrieb der Internetseite zwingend erforderlich. Es besteht daher seitens des Nutzers keine Widerspruchsm\u00f6glichkeit.<\/p>\n<h3>V. Verwendung von Cookies und Tracking Tools<\/h3>\n<p class=\"bodytext\">Die Landeshauptstadt D\u00fcsseldorf verwendet auf ihrer Website zur Optimierung der Nutzung bei jedem Besuch sog. Session-Cookies. Session-Cookies sind kleine Informationseinheiten, die ein Anbieter im Arbeitsspeicher des Computers des Besuchers platziert, um die R\u00fcckkehr auf diese Seite im Sinne der Benutzerfreundlichkeit zu erleichtern. In einem Session-Cookie wird eine zuf\u00e4llig erzeugte eindeutige Identifikationsnummer abgelegt, eine sogenannte Session-ID. Au\u00dferdem enth\u00e4lt ein Cookie die Angabe \u00fcber seine Herkunft und die Speicherfrist. Andere Daten k\u00f6nnen diese Cookies nicht speichern. Die Session-IDs werden nach Ablauf eines Tages automatisch vom System gel\u00f6scht. Die Session-IDs enthalten keine Elemente, die einen R\u00fcckschluss auf die Person des Nutzers zulassen. Wenn Sie unsere Seite verlassen und auf fremde Seiten gelangen, kann es sein, dass von Adressaten der angeklickten Zielseite weitere Cookies gesetzt werden. F\u00fcr das Setzen dieser Cookies ist die Landeshauptstadt D\u00fcsseldorf rechtlich nicht verantwortlich. Zu der Benutzung von Cookies und der darauf gespeicherten Informationen vergleichen Sie bitte die Datenschutzerkl\u00e4rungen der jeweiligen fremden Seiten.<\/p>\n<p class=\"bodytext\">Technische Programme, -wie etwa <a class=\"link-external\" title=\"Neues Fenster: Externer Link zu www.etracker.com\" href=\"http:\/\/www.etracker.com\" target=\"_blank\" rel=\"noopener\">etracker<\/a>, PIWIK, Google-Analytics-, die dazu dienen das Nutzungsverhalten des Nutzers zu erfassen und zu analysieren, werden, soweit sie eingesetzt werden, in den besonderen Datenschutzhinweisen der entsprechenden Fachbereiche beschrieben. Auf diesen Websites werden Daten zu Analyse- und Optimierungszwecken gesammelt und gespeichert. Daraus k\u00f6nnen unter einem Pseudonym Nutzungsprofile erstellt werden. Der Datenerhebung und -speicherung kann jederzeit mit Wirkung f\u00fcr die Zukunft <a class=\"link-external\" title=\"Neues Fenster: Externer Link zu www.etracker.de\" href=\"https:\/\/www.etracker.de\/privacy?et=DgKRyx\" target=\"_blank\" rel=\"noopener\">widersprochen<\/a> werden.<\/p>\n<h3>VI. Newsletter<\/h3>\n<p class=\"bodytext\">Die Kunstkommission D\u00fcsseldorf bietet Interessierten\u00a0die M\u00f6glichkeit, sich \u00fcber die Anmeldung zu einem Newsletter \u00fcber die aktuellen T\u00e4tigkeiten und Entwicklungen hinsichtlich der Arbeit der Kommission zu informieren. F\u00fcr den Versand des Newsletters nutzen wir den Newsletter-Dienst von MailChimp. Anbieter ist die Rocket Science Group LLC, 675 Ponce De Leon Ave NE, Suite 5000, Atlanta, GA 30308, USA. MailChimp ist ein Dienst, mit dem u.a. der Versand von Newslettern organisiert und analysiert werden kann.\u00a0Die Datenschutzbestimmungen des Versanddienstleisters k\u00f6nnen Sie hier einsehen:<br \/>\n<a class=\"link-external\" href=\"https:\/\/mailchimp.com\/legal\/privacy\/\" target=\"_blank\" rel=\"noopener\">https:\/\/mailchimp.com\/legal\/privacy\/.<\/a><\/p>\n<p class=\"bodytext\">Die Verarbeitung der E-Mail Adresse dient ausschlie\u00dflich dazu, dem Abonnenten den Newsletter zuzusenden. Der Versanddienstleister kann die Daten der Empf\u00e4nger in pseudonymer Form, <abbr lang=\"de\" title=\"das hei\u00dft\">d.h.<\/abbr> ohne Zuordnung zu einem Nutzer, zur Optimierung oder Verbesserung der eigenen Services verwenden, <abbr lang=\"de\" title=\"Zum Beispiel\">z.B.<\/abbr> zur technischen Optimierung des Versandes und der Darstellung der Newsletter oder f\u00fcr statistische Zwecke. Der Versanddienstleister nutzt die Daten unserer Newsletter-Empf\u00e4nger jedoch nicht, um diese selbst anzuschreiben oder um die Daten an Dritte weiterzugeben. Es werden folgende Daten bei der Anmeldung erhoben:<\/p>\n<ul>\n<li>IP-Adresse des aufrufenden Rechners<\/li>\n<li>Datum und Uhrzeit der Registrierung<\/li>\n<\/ul>\n<p class=\"bodytext\">F\u00fcr die Verarbeitung der Daten wird im Rahmen des Anmeldevorgangs Ihre Einwilligung (Art. 6 Abs. 1 lit. a) <abbr lang=\"de\" title=\"Datenschutz-Grundverordnung\">DSGVO<\/abbr>) eingeholt (sog. Double-Opt-In-Verfahren) und auf diese Datenschutzerkl\u00e4rung verwiesen.<\/p>\n<p class=\"bodytext\">Die Daten werden gel\u00f6scht, sobald sie f\u00fcr die Erreichung des Zweckes ihrer Erhebung nicht mehr erforderlich sind. Die E-Mail-Adresse des Nutzers wird demnach solange gespeichert, wie das Abonnement des Newsletters aktiv ist. Das Abonnement des Newsletters kann durch den betroffenen Nutzer jederzeit gek\u00fcndigt werden. Zu diesem Zweck findet sich in jedem Newsletter ein entsprechender Link. Hierdurch wird ebenfalls die Einwilligung der Speicherung der w\u00e4hrend des Anmeldevorgangs erhobenen personenbezogenen Daten widerrufen.<\/p>\n<h3>VII. Google Translate<\/h3>\n<p class=\"bodytext\">Wir m\u00f6chten den Besuchern unserer Internetseite auch die M\u00f6glichkeit bieten, unsere Internetseite in einer anderen Sprache zu nutzen. Dazu verwenden wir Google Translate (Betrieben von Google Inc., 1600 Amphitheatre Parkway, Mountain View, CA 94043, USA). Aus Datenschutzgr\u00fcnden wird Google Translate in der Standardeinstellung deaktiviert, erkennbar an der grauen Darstellung des Textes \u201eSprache ausw\u00e4hlen\u201c. Erst, wenn Sie den Text \u201eSprache ausw\u00e4hlen\u201c anklicken, wird Google Translate aktiviert und es werden Daten an Google \u00fcbertragen. Neben der URL der besuchten Seite wird auch Ihre IP-Adresse \u00fcbertragen. Wir haben keinen Einfluss auf die erhobenen Daten und Datenverarbeitungsvorg\u00e4nge. Uns sind auch nicht der Umfang der Datenerhebung, die Zwecke sowie die Speicherfristen bekannt.<\/p>\n<p class=\"bodytext\">Informationen zu Zweck und Umfang der Datenerhebung sowie ihrer Verarbeitung durch Google erhalten Sie in dem nachfolgend aufgef\u00fchrten Datenschutzhinweis.<\/p>\n<p class=\"bodytext\"><a class=\"link-external\" href=\"http:\/\/www.google.com\/intl\/de_de\/policies\/privacy\/\" target=\"_blank\" rel=\"noopener\">http:\/\/www.google.com\/intl\/de_de\/policies\/privacy\/<\/a><\/p>\n<p class=\"bodytext\">Wir m\u00f6chten darauf hinweisen, dass die computergenerierte \u00dcbersetzung manchmal nur n\u00e4herungsweise mit dem Textoriginal \u00fcbereinstimmt.<\/p>\n<h3>VIII. Rechte der betroffenen Person<\/h3>\n<p class=\"bodytext\">Allgemein hat die betroffene Person bei der Verarbeitung von personenbezogenen Daten nach der <abbr lang=\"de\" title=\"Datenschutz-Grundverordnung\">DSGVO<\/abbr> folgende Rechte:<\/p>\n<ol>\n<li><strong>Recht auf Auskunft, Art. 15 DSGVO<\/strong><br \/>\nDie Betroffenen haben das Recht, Auskunft \u00fcber ihre bei der Landeshauptstadt D\u00fcsseldorf verarbeiteten personenbezogenen Daten und insbesondere \u00fcber ihren Verarbeitungszweck sowie ihre Speicherdauer zu erhalten.<\/li>\n<li><strong>Recht auf Berichtigung, Art. 16 DSGVO<\/strong><br \/>\nDieses Recht umfasst, unrichtige personenbezogene Daten korrigieren zu lassen oder unvollst\u00e4ndige personenbezoge Daten vervollst\u00e4ndigen zu lassen.<\/li>\n<li><strong>Recht auf L\u00f6schung, Art. 17 DSGVO<\/strong><br \/>\nDie Betroffenen haben das Recht, personenbezogene Daten bei der Landeshauptstadt D\u00fcsseldorf als f\u00fcr die Verarbeitung Verantwortliche l\u00f6schen zu lassen. Daten k\u00f6nnen gel\u00f6scht werden, wenn die Verwendung zu dem bestimmten Zweck nicht mehr notwendig ist, die erteilte Einwilligung widerrufen wurde oder die personenbezogenen Daten unrechtm\u00e4\u00dfig verarbeitet wurden. Dem L\u00f6schungsbegehren d\u00fcrfen keine Rechtsgr\u00fcnde entgegenstehen, wie sie insbesondere in Art. 17 Abs. 3 <abbr lang=\"de\" title=\"Datenschutz-Grundverordnung\">DSGVO<\/abbr> erw\u00e4hnt sind.<\/li>\n<li><strong>Recht auf Einschr\u00e4nkung der Verarbeitung, Art. 18 DSGVO<\/strong><br \/>\nDie Betroffenen haben das Recht, bei Vorliegen der gesetzlichen Voraussetzungen die weitere Verarbeitung der personenbezogenen Daten einzuschr\u00e4nken.<\/li>\n<li><strong>Recht auf die Daten\u00fcbertragbarkeit, Art. 20 DSGVO<\/strong><br \/>\nDie betroffene Person hat nach Ma\u00dfgabe des Art. 20 <abbr lang=\"de\" title=\"Datenschutz-Grundverordnung\">DSGVO<\/abbr> das Recht, die sie betreffenden Daten in einem g\u00e4ngigen, maschinenlesbaren Format vom Verantwortlichen zu erhalten, und sie hat das Recht, diese Daten einem anderen Verantwortlichen bereitstellen zu lassen.<\/li>\n<li><strong>Recht auf Widerspruch, Art. 21 DSGVO<\/strong><br \/>\nDie betroffene Person hat nach Ma\u00dfgabe des Art. 21 <abbr lang=\"de\" title=\"Datenschutz-Grundverordnung\">DSGVO<\/abbr> das Recht, aus Gr\u00fcnden , die sich aus ihrer besonderen Situation ergeben, jederzeit der Verarbeitung ihrer vom Verantwortlichen erhobenen personenbezogenen Daten zu widersprechen.<\/li>\n<li><strong>Automatisierte Entscheidung im Einzelfall einschlie\u00dflich Profiling, Art. 22 DSGVO<\/strong><br \/>\nDie betroffene Person hat das Recht, einer ausschlie\u00dflich auf einer automatisierten Verarbeitung- einschlie\u00dflich Profiling- beruhenden Entscheidung nicht unterworfen zu werden, sofern kein Ausnahmegrund nach Abs. 2 dieser Vorschrift greift.<\/li>\n<li><strong>Recht auf Widerruf der erteilten Einwilligungserkl\u00e4rung<\/strong><br \/>\nSoweit die Datenverarbeitung auf der Grundlage einer Einwilligung beruht, hat die betroffene Person das Recht, ihre erteilte Einwilligungserkl\u00e4rung jederzeit zu widerrufen.<\/li>\n<\/ol>\n<h3>IX. Aufsichtsbeh\u00f6rde und das Recht der Beschwerde<\/h3>\n<p class=\"bodytext\">Unbeschadet eines anderweitigen verwaltungsrechtlichen oder gerichtlichen Rechtsbehelfs steht Ihnen das Recht auf Beschwerde zu bei der Landesbeauftragten f\u00fcr Datenschutz und Informationsfreiheit Nordrhein-Westfalen, Kavalleriestra\u00dfe 2-4, 40213 D\u00fcsseldorf, <abbr lang=\"de\" title=\"Telefon\">Tel.<\/abbr> 0211-384240, E-Mail <a class=\"link-mail\">poststelle@ldi.nrw.de<\/a>. Dieses Recht k\u00f6nnen Sie aus\u00fcben, wenn Sie der Ansicht sind, dass die Verarbeitung Ihrer personenbezogenen Daten gegen die Bestimmungen der <abbr lang=\"de\" title=\"Datenschutz-Grundverordnung\">DSGVO<\/abbr> verst\u00f6\u00dft.<\/p>\n<p>&nbsp;<\/p>\n<h3>X. Einsatz von Google-Analytics mit Anonymisierungsfunktion<\/h3>\n<p>Wir setzen auf unserer Seite Google-Analytics, einen Webanalysedienst der Firma Google Inc., 1600 Amphitheatre Parkway, Mountain View, CA 94043 USA, nachfolgend \u201eGoogle\u201c ein. Google-Analytics verwendet sog. \u201eCookies\u201c, Textdateien, die auf Ihrem Computer gespeichert werden und hierdurch eine Analyse der Benutzung der Website durch Sie erm\u00f6glichen.<\/p>\n<p>Die durch diese Cookies erzeugten Informationen, beispielsweise Zeit, Ort und H\u00e4ufigkeit Ihres Webseiten-Besuchs einschlie\u00dflich Ihrer IP-Adresse, werden an Google in den USA \u00fcbertragen und dort gespeichert.<\/p>\n<p>Wir verwenden auf unserer Website Google-Analytics mit einer IP-Anonymisierungsfunktion. Ihre IP-Adresse wird in diesem Fall von Google schon innerhalb von Mitgliedstaaten der Europ\u00e4ischen Union oder in anderen Vertragsstaaten des Abkommens \u00fcber den Europ\u00e4ischen Wirtschaftsraum gek\u00fcrzt und dadurch anonymisiert.<\/p>\n<p>Google wird diese Informationen benutzen, um Ihre Nutzung unserer Seite auszuwerten, um Reports \u00fcber die Websiteaktivit\u00e4ten f\u00fcr uns zusammenzustellen und um weitere mit der Websitenutzung und der Internetnutzung verbundene Dienstleistungen zu erbringen. Auch wird Google diese Informationen gegebenenfalls an Dritte \u00fcbertragen, sofern dies gesetzlich vorgeschrieben oder soweit Dritte diese Daten im Auftrag von Google verarbeiten.<\/p>\n<p>Google wird, nach eigenen Angaben, in keinem Fall Ihre IP-Adresse mit anderen Daten von Google in Verbindung bringen. Sie k\u00f6nnen die Installation der Cookies durch eine entsprechende Einstellung Ihrer Browser-Software verhindern; wir weisen Sie jedoch darauf hin, dass Sie in diesem Fall gegebenenfalls nicht s\u00e4mtliche Funktionen unserer Website vollumf\u00e4nglich nutzen k\u00f6nnen.<\/p>\n<p>Des Weiteren bietet Google f\u00fcr die g\u00e4ngigsten Browser eine Deaktivierungsoption an, welche Ihnen mehr Kontrolle dar\u00fcber gibt, welche Daten von Google erfasst und verarbeitet werden. Sollten Sie diese Option aktivieren, werden keine Informationen zum Website-Besuch an Google Analytics \u00fcbermittelt. Die Aktivierung verhindert aber nicht, dass Informationen an uns oder an andere von uns gegebenenfalls eingesetzte Webanalyse-Services \u00fcbermittelt werden. Weitere Informationen zu der von Google bereitgestellten Deaktivierungsoption sowie zu der Aktivierung dieser Option, erhalten Sie \u00fcber nachfolgenden Link: <a href=\"https:\/\/tools.google.com\/dlpage\/gaoptout?hl=de\" target=\"_blank\" rel=\"noopener noreferrer\">https:\/\/tools.google.com\/dlpage\/gaoptout?hl=de<\/a><\/p>\n<p>Sie k\u00f6nnen die Erfassung durch Google Analytics unterbinden, indem Sie auf folgenden Link klicken. Es wird ein Opt-Out-Cookie gesetzt, das die zuk\u00fcnftige Erfassung Ihrer Daten beim Besuch unserer Website verhindert:<\/p>\n<p><code>[cookies_revoke]<\/code><\/p>\n<p>Weitere Informationen zur Google Inc. und Google Analytics finden Sie unter <a href=\"http:\/\/www.google.com\/analytics\/terms\/de.html.\" target=\"_blank\" rel=\"noopener noreferrer\">http:\/\/www.google.com\/analytics\/terms\/de.html.<\/a> Die Datenschutzerkl\u00e4rung von Google finden Sie unter: <a href=\"http:\/\/www.google.com\/intl\/de\/privacypolicy.html#information\" target=\"_blank\" rel=\"noopener noreferrer\">http:\/\/www.google.com\/intl\/de\/privacypolicy.html#information<\/a><\/p>\n<\/div><\/div><\/div><\/div><\/div><\/div><\/div><\/section>\n","protected":false},"excerpt":{"rendered":"KunstkommissionPrivacy policy Allgemeine Datenschutzerkl\u00e4rung nach der Datenschutz-Grundverordnung (DSGVO) f\u00fcr das Internet-Angebot auf &#8220;kunstkommission-duesseldorf.de&#8221; &nbsp; I. Verantwortlicher Verantwortlicher im Sinne des Art. 4 Nr. 7 DSGVO ist: Landeshauptstadt D\u00fcsseldorf Der Oberb\u00fcrgermeister Marktplatz 2 40213 D\u00fcsseldorf Telefon 0211-8991 Telefax 0211-8929222 info@duesseldorf.de II. Erreichbarkeit des beh\u00f6rdlichen Datenschutzbeauftragten Wenn Sie Fragen dazu haben, ob die Stadt D\u00fcsseldorf Ihre Daten...","protected":false},"author":1,"featured_media":10982,"parent":0,"menu_order":0,"comment_status":"closed","ping_status":"closed","template":"","meta":{"_acf_changed":false,"footnotes":""},"categories":[242],"tags":[],"class_list":["post-10984","page","type-page","status-publish","has-post-thumbnail","hentry","category-kunstkommission"],"acf":[],"_links":{"self":[{"href":"https:\/\/www.kunstkommission-duesseldorf.de\/en\/wp-json\/wp\/v2\/pages\/10984","targetHints":{"allow":["GET"]}}],"collection":[{"href":"https:\/\/www.kunstkommission-duesseldorf.de\/en\/wp-json\/wp\/v2\/pages"}],"about":[{"href":"https:\/\/www.kunstkommission-duesseldorf.de\/en\/wp-json\/wp\/v2\/types\/page"}],"author":[{"embeddable":true,"href":"https:\/\/www.kunstkommission-duesseldorf.de\/en\/wp-json\/wp\/v2\/users\/1"}],"replies":[{"embeddable":true,"href":"https:\/\/www.kunstkommission-duesseldorf.de\/en\/wp-json\/wp\/v2\/comments?post=10984"}],"version-history":[{"count":3,"href":"https:\/\/www.kunstkommission-duesseldorf.de\/en\/wp-json\/wp\/v2\/pages\/10984\/revisions"}],"predecessor-version":[{"id":10987,"href":"https:\/\/www.kunstkommission-duesseldorf.de\/en\/wp-json\/wp\/v2\/pages\/10984\/revisions\/10987"}],"wp:featuredmedia":[{"embeddable":true,"href":"https:\/\/www.kunstkommission-duesseldorf.de\/en\/wp-json\/wp\/v2\/media\/10982"}],"wp:attachment":[{"href":"https:\/\/www.kunstkommission-duesseldorf.de\/en\/wp-json\/wp\/v2\/media?parent=10984"}],"wp:term":[{"taxonomy":"category","embeddable":true,"href":"https:\/\/www.kunstkommission-duesseldorf.de\/en\/wp-json\/wp\/v2\/categories?post=10984"},{"taxonomy":"post_tag","embeddable":true,"href":"https:\/\/www.kunstkommission-duesseldorf.de\/en\/wp-json\/wp\/v2\/tags?post=10984"}],"curies":[{"name":"wp","href":"https:\/\/api.w.org\/{rel}","templated":true}]}}