{"id":10978,"date":"2021-06-14T08:10:29","date_gmt":"2021-06-14T06:10:29","guid":{"rendered":"https:\/\/www.kunstkommission-duesseldorf.de\/impressum\/"},"modified":"2026-01-08T12:28:21","modified_gmt":"2026-01-08T11:28:21","slug":"imprint","status":"publish","type":"page","link":"https:\/\/www.kunstkommission-duesseldorf.de\/en\/imprint\/","title":{"rendered":"Imprint"},"content":{"rendered":"<section role=\"region\" aria-labelledby=\"hero-title\" class=\"l-section wpb_row us_custom_64be34c9 height_auto full_height valign_bottom with_img\"><div class=\"l-section-img\" role=\"img\" aria-label=\"Kunstkommission D\u00fcsseldorf, Impressum\" data-img-width=\"1500\" data-img-height=\"682\" style=\"background-image: url(https:\/\/www.kunstkommission-duesseldorf.de\/wp-content\/uploads\/2021\/06\/Header_Impressum.ba6f32f1.jpg);\"><\/div><div class=\"l-section-overlay\" style=\"background:rgba(0,0,0,0.25)\"><\/div><div class=\"l-section-h i-cf\"><div class=\"g-cols vc_row via_flex valign_top type_default stacking_default\"><div class=\"vc_col-sm-12 vc_col-lg-offset-0 vc_col-lg-8 vc_col-md-offset-1 vc_col-md-10 vc_col-sm-offset-1 vc_col-xs-offset-1 vc_col-xs-10 wpb_column vc_column_container hero-flex-column\"><div class=\"vc_column-inner us_custom_55a2e57e\"><div class=\"wpb_wrapper\"><div class=\"w-separator hero-spacer-top size_custom\" style=\"height:0px\"><\/div><div class=\"w-post-elm post_taxonomy us_custom_9184691a background has_text_color style_simple color_link_inherit\"><span class=\"term-242 term-kunstkommission\">Kunstkommission<\/span><\/div><div class=\"w-separator size_custom\" style=\"height:3px\" id=\"fc56\"><style>@media(max-width:600px){ #fc56{height:1px!important}}<\/style><\/div><h1 class=\"w-post-elm post_custom_field us_custom_7223f3e3 project-title type_text page-headline color_link_inherit\" id=\"hero-title\"><span class=\"w-post-elm-value\">Imprint<\/span><\/h1><div class=\"w-separator size_custom\" style=\"height:1px\" id=\"be28\"><style>@media(max-width:1024px){ #be28{height:5px!important}}<\/style><\/div><div class=\"w-separator hero-spacer-bottom size_custom\" style=\"height:0px\" id=\"ce98\"><style><\/style><\/div><\/div><\/div><\/div><div class=\"vc_col-sm-12 wpb_column vc_column_container\"><div class=\"vc_column-inner\"><div class=\"wpb_wrapper\"><div class=\"w-post-elm post_custom_field us_custom_120c3d6f kk-copyright has_text_color type_text page-copyright color_link_inherit\"><span class=\"w-post-elm-before\">Photo: <\/span><span class=\"w-post-elm-value\">J\u00f6rg-Thomas Alvermann<\/span><\/div><\/div><\/div><\/div><\/div><\/div><\/section>\n<section class=\"l-section wpb_row height_medium\"><div class=\"l-section-h i-cf\"><div class=\"g-cols vc_row via_flex valign_top type_default stacking_default\"><div class=\"vc_col-sm-12 vc_col-lg-offset-2 vc_col-lg-8 wpb_column vc_column_container us_animate_fade\"><div class=\"vc_column-inner\"><div class=\"wpb_wrapper\"><div class=\"wpb_text_column\"><div class=\"wpb_wrapper\"><h3><strong> Landeshauptstadt D\u00fcsseldorf <\/strong><\/h3>\n<p>Der Oberb\u00fcrgermeister<br \/>\nMarktplatz 2<br \/>\n40213 D\u00fcsseldorf<br \/>\nTelefon 0211-8991<br \/>\nTelefax 0211-8929222<br \/>\ninfo@duesseldorf.de<\/p>\n<p>Umsatzsteueridentifikationsnummer:<br \/>\nDE 119270444<\/p>\n<h3><strong>Verantwortliche gem\u00e4\u00df EU-DSGVO und anderer nationaler Datenschutzgesetze (DSG NRW neu und BDSG neu): <\/strong><\/h3>\n<p>Nicolas Grosch<br \/>\nGesch\u00e4ftsstelle der Kunstkommission<br \/>\nZollhof 13<br \/>\n40221 D\u00fcsseldorf<br \/>\nTelefon 0211 89-24162,<br \/>\nnicolas.grosch@duesseldorf.de<br \/>\nLandeshauptstadt D\u00fcsseldorf<br \/>\nDer Oberb\u00fcrgermeister<\/p>\n<h3><strong>Soziale Medien: <\/strong><\/h3>\n<p>Die Angaben in diesem Impressum gelten au\u00dferdem f\u00fcr folgende Dienste:<\/p>\n<ul>\n<li><a href=\"http:\/\/www.facebook.com\/duesseldorf\">www.facebook.com\/duesseldorf<\/a><\/li>\n<li><a href=\"http:\/\/www.instagram.com\/duesseldorf\">www.instagram.com\/duesseldorf<\/a><\/li>\n<\/ul>\n<p>Bitte beachten Sie au\u00dferdem die Allgemeine Datenschutzerkl\u00e4rung und die Datenschutzhinweise f\u00fcr &#8220;Social Plugins&#8221; der Landeshauptstadt D\u00fcsseldorf.<\/p>\n<h3><strong>Online-Streitbeilegung: <\/strong><\/h3>\n<p>Die Europ\u00e4ische Kommission hat f\u00fcr Verbraucher eine Online-Plattform zur M\u00f6glichkeit einer au\u00dfergerichtlichen Streitbeilegung im Rahmen von Online-Kauf- oder Dienstvertr\u00e4gen innerhalb des digitalen Binnenmarktes entwickelt und stellt diese unter <a href=\"http:\/\/ec.europa.eu\/consumers\/odr\/\">http:\/\/ec.europa.eu\/consumers\/odr\/<\/a> f\u00fcr die beteiligten Verbraucher und Unternehmer bereit.<\/p>\n<h3><strong>Redaktion und Konzept: <\/strong><\/h3>\n<p>Gesch\u00e4ftsstelle der Kunstkommission, sowie Saskia Zeller und J\u00f6rg-Thomas Alvermann,<\/p>\n<h3><strong>Copyright: <\/strong><\/h3>\n<p>Das Layout der Seiten von www.duesseldorf.de, die verwendeten Grafiken und Bilder, die Sammlung sowie die einzelnen Beitr\u00e4ge sind urheberrechtlich gesch\u00fctzt. Alle Rechte, auch die der fotomechanischen Wiedergabe, der Vervielf\u00e4ltigung und der Verbreitung mittels besonderer Verfahren (zum Beispiel Datenverarbeitung, Datentr\u00e4ger und Datennetze), auch teilweise, beh\u00e4lt sich die Landeshauptstadt D\u00fcsseldorf vor. F\u00fcr etwaige Satzfehler sowie f\u00fcr die Richtigkeit der Eintragungen \u00fcbernimmt die Landeshauptstadt D\u00fcsseldorf keine Gew\u00e4hr.<\/p>\n<h3><strong>Internet-Bedingungen: <\/strong><\/h3>\n<p>Das Internet arbeitet als dezentraler Netzwerkverbund mit der Zwischenspeicherung und Weitergabe tempor\u00e4rer Daten. Eine Gew\u00e4hr f\u00fcr den Ausschluss von Manipulation, von versehentlichem Verf\u00e4lschen und Gew\u00e4hr f\u00fcr die Verwendung nur aktueller Daten (z.B. alte Version noch im Cache) auf dem Verbindungsweg Anbieter zu Nutzer kann es zur Zeit daher nicht geben. Auf diese systembedingte Einschr\u00e4nkung weisen wir daher wie folgt hin: Sie erhalten diese Daten unter den Bedingungen des Internet. F\u00fcr die Richtigkeit der Angaben und die \u00dcbereinstimmung mit den Ursprungsdaten kann daher keine Gew\u00e4hr \u00fcbernommen werden.<\/p>\n<h3><strong>Haftung f\u00fcr Inhalte: <\/strong><\/h3>\n<p>Die Inhalte unserer Seiten wurden mit gr\u00f6\u00dfter Sorgfalt erstellt. F\u00fcr die Richtigkeit, Vollst\u00e4ndigkeit und Aktualit\u00e4t der Inhalte k\u00f6nnen wir jedoch keine Gew\u00e4hr \u00fcbernehmen. Als Diensteanbieter sind wir nach dem Telemediengesetz f\u00fcr eigene Inhalte auf diesen Seiten verantwortlich. Wir sind jedoch nicht verpflichtet, \u00fcbermittelte oder gespeicherte fremde Informationen zu \u00fcberwachen oder nach Umst\u00e4nden zu forschen, die auf eine rechtswidrige T\u00e4tigkeit hinweisen. Verpflichtungen zur Entfernung oder Sperrung der Nutzung von Informationen nach den allgemeinen Gesetzen bleiben hiervon unber\u00fchrt. Eine diesbez\u00fcgliche Haftung ist jedoch erst ab dem Zeitpunkt der Kenntnis einer konkreten Rechtsverletzung m\u00f6glich. Bei Bekanntwerden von entsprechenden Rechtsverletzungen werden wir diese Inhalte umgehend entfernen.<\/p>\n<h3><strong>Haftung f\u00fcr Links: <\/strong><\/h3>\n<p>Unser Angebot enth\u00e4lt Links zu externen Webseiten Dritter, auf deren Inhalte wir keinen Einfluss haben. Deshalb k\u00f6nnen wir f\u00fcr diese fremden Inhalte auch keine Gew\u00e4hr \u00fcbernehmen. F\u00fcr die Inhalte der verlinkten Seiten ist stets der jeweilige Anbieter oder Betreiber der Seiten verantwortlich. Die verlinkten Seiten wurden zum Zeitpunkt der Verlinkung auf m\u00f6gliche Rechtsverst\u00f6\u00dfe \u00fcberpr\u00fcft. Rechtswidrige Inhalte waren zum Zeitpunkt der Verlinkung nicht erkennbar. Eine permanente inhaltliche Kontrolle der verlinkten Seiten ist jedoch ohne konkrete Anhaltspunkte einer Rechtsverletzung nicht zumutbar. Bei Bekanntwerden von Rechtsverletzungen werden wir derartige Links umgehend entfernen.<\/p>\n<h3><strong>Urheberrecht <\/strong><\/h3>\n<p>Die durch die Seitenbetreiber erstellten Inhalte und Werke auf diesen Seiten unterliegen dem deutschen Urheberrecht. Die Vervielf\u00e4ltigung, Bearbeitung, Verbreitung und jede Art der Verwertung au\u00dferhalb der Grenzen des Urheberrechtes bed\u00fcrfen der schriftlichen Zustimmung des jeweiligen Autors bzw. Erstellers. Downloads und Kopien dieser Seite sind nur f\u00fcr den privaten, nicht kommerziellen Gebrauch gestattet. Soweit die Inhalte auf dieser Seite nicht vom Betreiber erstellt wurden, werden die Urheberrechte Dritter beachtet. Insbesondere werden Inhalte Dritter als solche gekennzeichnet. Sollten Sie trotzdem auf eine Urheberrechtsverletzung aufmerksam werden, bitten wir um einen entsprechenden Hinweis. Bei Bekanntwerden von Rechtsverletzungen werden wir derartige Inhalte umgehend entfernen.<\/p>\n<h3><strong>Konzeption, Design und Produktion der Website<\/strong><\/h3>\n<p><a href=\"http:\/\/lobo-design.com\">LOBO DESIGN, D\u00fcsseldorf<\/a><br \/>\nInhalte gestalten, die gut gefunden werden<\/p>\n<\/div><\/div><\/div><\/div><\/div><\/div><\/div><\/section>\n","protected":false},"excerpt":{"rendered":"KunstkommissionImprintPhoto: J\u00f6rg-Thomas Alvermann Landeshauptstadt D\u00fcsseldorf Der Oberb\u00fcrgermeister Marktplatz 2 40213 D\u00fcsseldorf Telefon 0211-8991 Telefax 0211-8929222 info@duesseldorf.de Umsatzsteueridentifikationsnummer: DE 119270444 Verantwortliche gem\u00e4\u00df EU-DSGVO und anderer nationaler Datenschutzgesetze (DSG NRW neu und BDSG neu): Nicolas Grosch Gesch\u00e4ftsstelle der Kunstkommission Zollhof 13 40221 D\u00fcsseldorf Telefon 0211 89-24162, nicolas.grosch@duesseldorf.de Landeshauptstadt D\u00fcsseldorf Der Oberb\u00fcrgermeister Soziale Medien: Die Angaben in diesem...","protected":false},"author":1,"featured_media":10976,"parent":0,"menu_order":0,"comment_status":"closed","ping_status":"closed","template":"","meta":{"_acf_changed":false,"footnotes":""},"categories":[242],"tags":[],"class_list":["post-10978","page","type-page","status-publish","has-post-thumbnail","hentry","category-kunstkommission"],"acf":[],"_links":{"self":[{"href":"https:\/\/www.kunstkommission-duesseldorf.de\/en\/wp-json\/wp\/v2\/pages\/10978","targetHints":{"allow":["GET"]}}],"collection":[{"href":"https:\/\/www.kunstkommission-duesseldorf.de\/en\/wp-json\/wp\/v2\/pages"}],"about":[{"href":"https:\/\/www.kunstkommission-duesseldorf.de\/en\/wp-json\/wp\/v2\/types\/page"}],"author":[{"embeddable":true,"href":"https:\/\/www.kunstkommission-duesseldorf.de\/en\/wp-json\/wp\/v2\/users\/1"}],"replies":[{"embeddable":true,"href":"https:\/\/www.kunstkommission-duesseldorf.de\/en\/wp-json\/wp\/v2\/comments?post=10978"}],"version-history":[{"count":3,"href":"https:\/\/www.kunstkommission-duesseldorf.de\/en\/wp-json\/wp\/v2\/pages\/10978\/revisions"}],"predecessor-version":[{"id":10981,"href":"https:\/\/www.kunstkommission-duesseldorf.de\/en\/wp-json\/wp\/v2\/pages\/10978\/revisions\/10981"}],"wp:featuredmedia":[{"embeddable":true,"href":"https:\/\/www.kunstkommission-duesseldorf.de\/en\/wp-json\/wp\/v2\/media\/10976"}],"wp:attachment":[{"href":"https:\/\/www.kunstkommission-duesseldorf.de\/en\/wp-json\/wp\/v2\/media?parent=10978"}],"wp:term":[{"taxonomy":"category","embeddable":true,"href":"https:\/\/www.kunstkommission-duesseldorf.de\/en\/wp-json\/wp\/v2\/categories?post=10978"},{"taxonomy":"post_tag","embeddable":true,"href":"https:\/\/www.kunstkommission-duesseldorf.de\/en\/wp-json\/wp\/v2\/tags?post=10978"}],"curies":[{"name":"wp","href":"https:\/\/api.w.org\/{rel}","templated":true}]}}