{"id":10744,"date":"2021-06-14T07:59:42","date_gmt":"2021-06-14T05:59:42","guid":{"rendered":"https:\/\/www.kunstkommission-duesseldorf.de\/about-us\/publikationen\/"},"modified":"2026-01-07T10:53:54","modified_gmt":"2026-01-07T09:53:54","slug":"publications","status":"publish","type":"page","link":"https:\/\/www.kunstkommission-duesseldorf.de\/en\/about-us\/publications\/","title":{"rendered":"Publications"},"content":{"rendered":"<section role=\"region\" aria-labelledby=\"hero-title\" class=\"l-section wpb_row us_custom_64be34c9 height_auto full_height valign_bottom with_img\"><div class=\"l-section-img\" role=\"img\" aria-label=\"Publikation Kunstkommission D\u00fcsseldorf\" data-img-width=\"1500\" data-img-height=\"657\" style=\"background-image: url(https:\/\/www.kunstkommission-duesseldorf.de\/wp-content\/uploads\/2021\/06\/PUBLIKATIONEN_e1510134166993_1.ba6f32f1.jpg);\"><\/div><div class=\"l-section-overlay\" style=\"background:rgba(0,0,0,0.25)\"><\/div><div class=\"l-section-h i-cf\"><div class=\"g-cols vc_row via_flex valign_top type_default stacking_default\"><div class=\"vc_col-sm-12 vc_col-lg-offset-0 vc_col-lg-8 vc_col-md-offset-1 vc_col-md-10 vc_col-sm-offset-1 vc_col-xs-offset-1 vc_col-xs-10 wpb_column vc_column_container hero-flex-column\"><div class=\"vc_column-inner us_custom_55a2e57e\"><div class=\"wpb_wrapper\"><div class=\"w-separator hero-spacer-top size_custom\" style=\"height:0px\"><\/div><div class=\"w-post-elm post_taxonomy us_custom_9184691a background has_text_color style_simple color_link_inherit\"><span class=\"term-242 term-kunstkommission\">Kunstkommission<\/span><\/div><div class=\"w-separator size_custom\" style=\"height:3px\" id=\"ic17\"><style>@media(max-width:600px){ #ic17{height:1px!important}}<\/style><\/div><h1 class=\"w-post-elm post_custom_field us_custom_7223f3e3 project-title type_text page-headline color_link_inherit\" id=\"hero-title\"><span class=\"w-post-elm-value\">Publications<\/span><\/h1><div class=\"w-separator size_custom\" style=\"height:1px\" id=\"b90d\"><style>@media(max-width:1024px){ #b90d{height:5px!important}}<\/style><\/div><div class=\"w-separator hero-spacer-bottom size_custom\" style=\"height:0px\" id=\"s672\"><style><\/style><\/div><\/div><\/div><\/div><div class=\"vc_col-sm-12 wpb_column vc_column_container\"><div class=\"vc_column-inner\"><div class=\"wpb_wrapper\"><div class=\"w-post-elm post_custom_field us_custom_120c3d6f kk-copyright has_text_color type_text page-copyright color_link_inherit\"><span class=\"w-post-elm-before\">Photo: <\/span><span class=\"w-post-elm-value\">J\u00f6rg-Thomas Alvermann<\/span><\/div><\/div><\/div><\/div><\/div><\/div><\/section>\n<section class=\"l-section wpb_row height_medium\"><div class=\"l-section-h i-cf\"><div class=\"g-cols vc_row via_flex valign_top type_default stacking_default\"><div class=\"vc_col-sm-12 vc_col-lg-offset-2 vc_col-lg-8 wpb_column vc_column_container us_animate_fade\"><div class=\"vc_column-inner\"><div class=\"wpb_wrapper\"><div class=\"wpb_text_column\"><div class=\"wpb_wrapper\"><h2>Publikationen und Ver\u00f6ffentlichungen der Kunstkommission<\/h2>\n<p>Publikationen und Ver\u00f6ffentlichungen der Kunstkommission<\/p>\n<p><a href=\"http:\/\/kunstkommission-duesseldorf.de\/wp-content\/uploads\/2021\/07\/Jahresbericht_18_19_final_V1a.pdf\">Jahresbericht der Kunstkommission 2018\/2019<\/a><br \/>\n<a href=\"http:\/\/kunstkommission-duesseldorf.de\/wp-content\/uploads\/2021\/07\/Jahresbericht_19_20_final.pdf\">Jahresbericht der Kunstkommission 2019\/2020<\/a><br \/>\n<a href=\"http:\/\/kunstkommission-duesseldorf.de\/wp-content\/uploads\/2021\/11\/Jahresbericht_20_21_final.pdf\">Jahresbericht der Kunstkommission 2020\/2021<\/a><\/p>\n<p>Die wettbewerbs- bzw. projektspezifischen Ver\u00f6ffentlichungen finden Sie jeweils auf den Seiten des Wettbewerbs bzw. Projekts.<\/p>\n<p>Nachfolgend unsere Empfehlungen:<\/p>\n<\/div><\/div><div class=\"w-separator size_medium\"><\/div><div class=\"wpb_text_column\"><div class=\"wpb_wrapper\"><h3>Ars publica D\u00fcsseldorf von Wolfgang Funken<\/h3>\n<p>Geschichte der Kunstwerke und kulturellen Zeichen im \u00f6ffentlichen Raum der Landeshauptstadt. Tausende von Farbbildern, historische Schwarzwei\u00dffotos und Grafiken illustrieren in nie gesehener F\u00fclle den Wandel des D\u00fcsseldorfer Stadtbildes \u00fcber die Jahrhunderte.<\/p>\n<p>Die drei opulenten B\u00e4nde sind voll mit Geschichten \u00fcber l\u00e4ngst vergessene Denkm\u00e4ler und verschwundener Kunstwerke. Detailverliebt liefert der Autor zu jedem Kunstobjekt die Geschichte seines Entstehens und stellt die K\u00fcnstler mit ihren Biografien vor.<\/p>\n<p><a href=\"https:\/\/www.ars-publica-duesseldorf.com\/\" target=\"_blank\" rel=\"noopener\">Klartext Verlag, Essen 2012, 1.728 Seiten, durchgehend vierfbg. Abb., 3 B\u00e4nde im Schuber, Leinen mit Schutzumschlag<\/a><\/p>\n<\/div><\/div><div class=\"w-separator size_medium\"><\/div><div class=\"wpb_text_column\"><div class=\"wpb_wrapper\"><h3>Kunst an Schulen in D\u00fcsseldorf von Wolfgang Funken<\/h3>\n<p>Ein akribisches Verzeichnis aller ehemals und heute noch vorhandenen k\u00fcnstlerischen Arbeiten wie zum Beispiel Skulpturen, Brunnen und Wandreliefs an den D\u00fcsseldorfer Schulen einschlie\u00dflich Abbildungen und Entstehungsgeschichte.<\/p>\n<p><a href=\"https:\/\/www.ars-publica-duesseldorf.com\/\" target=\"_blank\" rel=\"noopener\">Herausgegeben vom Schulverwaltungsamt der Landeshauptstadt D\u00fcsseldorf und dem Stadtarchiv D\u00fcsseldorf, 2. erweiterte und verbesserte Auflage, Droste Verlag, D\u00fcsseldorf 2007<\/a><\/p>\n<\/div><\/div><div class=\"w-separator size_medium\"><\/div><div class=\"wpb_text_column\"><div class=\"wpb_wrapper\"><h3>Kunststadt D\u00fcsseldorf<\/h3>\n<h4>Objekte und Denkm\u00e4ler im Stadtbild von Rolf Purpar<\/h4>\n<p>Ein liebevoller und kenntnisreich gestalteter Bildband zur Darstellung aller Objekte, Denkm\u00e4ler und Brunnen im Stadtbild mit farbigen Fotografien und sachkundigen Texterl\u00e4uterungen.<\/p>\n<p><a href=\"https:\/\/www.grupello.de\/\" target=\"_blank\" rel=\"noopener\">Herausgegeben vom Grupello Verlag, 2. \u00fcberarbeitete und erg\u00e4nzte Auflage 2009, ISBN 978-3-89978-044-4<\/a><\/p>\n<\/div><\/div><div class=\"w-separator size_medium\"><\/div><div class=\"wpb_text_column\"><div class=\"wpb_wrapper\"><h3>D\u00fcsseldorf Kunst im Freien<\/h3>\n<h4>90 Bildhauer 125 Skulpturen von Dr. Helga Meister<\/h4>\n<p>Die Autorin Helga Meister ist die beste Kennerin der D\u00fcsseldorfer Kunstszene. In Wort und Bild werden insgesamt 125 Denkm\u00e4ler und Skulpturen beschrieben, die f\u00fcr die Kunstgeschichte und die lokale Geschichte der Stadt relevant sind. Ein spannendes, lehrreiches und anschauliches, aber auch humorvolles Buch.<\/p>\n<p><a href=\"https:\/\/www.lehmanns.de\/shop\/kunst-musik-theater\/57172412-9783940985781-duesseldorf-kunst-im-freien\" target=\"_blank\" rel=\"noopener\">Herausgegeben vom <span class=\"publisherprop\">Tedden, Peter<\/span> (Verlag) ISBN <span class=\"isbn\">978-3-940985-78-1<\/span><\/a><\/p>\n<\/div><\/div><\/div><\/div><\/div><\/div><\/div><\/section><section class=\"l-section wpb_row height_medium\"><div class=\"l-section-h i-cf\"><div class=\"g-cols vc_row via_flex valign_top type_default stacking_default\"><div class=\"vc_col-sm-12 wpb_column vc_column_container\"><div class=\"vc_column-inner\"><div class=\"wpb_wrapper\"><\/div><\/div><\/div><\/div><\/div><\/section>\n","protected":false},"excerpt":{"rendered":"KunstkommissionPublicationsPhoto: J\u00f6rg-Thomas Alvermann Publikationen und Ver\u00f6ffentlichungen der Kunstkommission Publikationen und Ver\u00f6ffentlichungen der Kunstkommission Jahresbericht der Kunstkommission 2018\/2019 Jahresbericht der Kunstkommission 2019\/2020 Jahresbericht der Kunstkommission 2020\/2021 Die wettbewerbs- bzw. projektspezifischen Ver\u00f6ffentlichungen finden Sie jeweils auf den Seiten des Wettbewerbs bzw. Projekts. Nachfolgend unsere Empfehlungen: Ars publica D\u00fcsseldorf von Wolfgang Funken Geschichte der Kunstwerke und kulturellen Zeichen...","protected":false},"author":1,"featured_media":10742,"parent":10687,"menu_order":0,"comment_status":"closed","ping_status":"closed","template":"","meta":{"_acf_changed":false,"footnotes":""},"categories":[242],"tags":[],"class_list":["post-10744","page","type-page","status-publish","has-post-thumbnail","hentry","category-kunstkommission"],"acf":[],"_links":{"self":[{"href":"https:\/\/www.kunstkommission-duesseldorf.de\/en\/wp-json\/wp\/v2\/pages\/10744","targetHints":{"allow":["GET"]}}],"collection":[{"href":"https:\/\/www.kunstkommission-duesseldorf.de\/en\/wp-json\/wp\/v2\/pages"}],"about":[{"href":"https:\/\/www.kunstkommission-duesseldorf.de\/en\/wp-json\/wp\/v2\/types\/page"}],"author":[{"embeddable":true,"href":"https:\/\/www.kunstkommission-duesseldorf.de\/en\/wp-json\/wp\/v2\/users\/1"}],"replies":[{"embeddable":true,"href":"https:\/\/www.kunstkommission-duesseldorf.de\/en\/wp-json\/wp\/v2\/comments?post=10744"}],"version-history":[{"count":4,"href":"https:\/\/www.kunstkommission-duesseldorf.de\/en\/wp-json\/wp\/v2\/pages\/10744\/revisions"}],"predecessor-version":[{"id":10748,"href":"https:\/\/www.kunstkommission-duesseldorf.de\/en\/wp-json\/wp\/v2\/pages\/10744\/revisions\/10748"}],"up":[{"embeddable":true,"href":"https:\/\/www.kunstkommission-duesseldorf.de\/en\/wp-json\/wp\/v2\/pages\/10687"}],"wp:featuredmedia":[{"embeddable":true,"href":"https:\/\/www.kunstkommission-duesseldorf.de\/en\/wp-json\/wp\/v2\/media\/10742"}],"wp:attachment":[{"href":"https:\/\/www.kunstkommission-duesseldorf.de\/en\/wp-json\/wp\/v2\/media?parent=10744"}],"wp:term":[{"taxonomy":"category","embeddable":true,"href":"https:\/\/www.kunstkommission-duesseldorf.de\/en\/wp-json\/wp\/v2\/categories?post=10744"},{"taxonomy":"post_tag","embeddable":true,"href":"https:\/\/www.kunstkommission-duesseldorf.de\/en\/wp-json\/wp\/v2\/tags?post=10744"}],"curies":[{"name":"wp","href":"https:\/\/api.w.org\/{rel}","templated":true}]}}