{"id":10724,"date":"2021-05-15T10:13:05","date_gmt":"2021-05-15T08:13:05","guid":{"rendered":"https:\/\/www.kunstkommission-duesseldorf.de\/about-us\/geschaeftsstelle\/"},"modified":"2026-01-07T10:42:29","modified_gmt":"2026-01-07T09:42:29","slug":"office","status":"publish","type":"page","link":"https:\/\/www.kunstkommission-duesseldorf.de\/en\/about-us\/office\/","title":{"rendered":"Office"},"content":{"rendered":"<section role=\"region\" aria-labelledby=\"hero-title\" class=\"l-section wpb_row us_custom_64be34c9 height_auto full_height valign_bottom with_img\"><div class=\"l-section-img\" role=\"img\" aria-label=\"Gesch\u00e4ftsstelle Kunstkommission D\u00fcsseldorf\" data-img-width=\"1500\" data-img-height=\"682\" style=\"background-image: url(https:\/\/www.kunstkommission-duesseldorf.de\/wp-content\/uploads\/2021\/05\/Header_GS_1.ba6f32f1.jpg);\"><\/div><div class=\"l-section-overlay\" style=\"background:rgba(0,0,0,0.25)\"><\/div><div class=\"l-section-h i-cf\"><div class=\"g-cols vc_row via_flex valign_top type_default stacking_default\"><div class=\"vc_col-sm-12 vc_col-lg-offset-0 vc_col-lg-8 vc_col-md-offset-1 vc_col-md-10 vc_col-sm-offset-1 vc_col-xs-offset-1 vc_col-xs-10 wpb_column vc_column_container hero-flex-column\"><div class=\"vc_column-inner us_custom_55a2e57e\"><div class=\"wpb_wrapper\"><div class=\"w-separator hero-spacer-top size_custom\" style=\"height:0px\"><\/div><div class=\"w-post-elm post_taxonomy us_custom_9184691a background has_text_color style_simple color_link_inherit\"><span class=\"term-242 term-kunstkommission\">Kunstkommission<\/span><\/div><div class=\"w-separator size_custom\" style=\"height:3px\" id=\"c6d9\"><style>@media(max-width:600px){ #c6d9{height:1px!important}}<\/style><\/div><h1 class=\"w-post-elm post_custom_field us_custom_7223f3e3 project-title type_text page-headline color_link_inherit\" id=\"hero-title\"><span class=\"w-post-elm-value\">Office<\/span><\/h1><div class=\"w-separator size_custom\" style=\"height:1px\" id=\"r249\"><style>@media(max-width:1024px){ #r249{height:5px!important}}<\/style><\/div><div class=\"w-separator hero-spacer-bottom size_custom\" style=\"height:0px\" id=\"xf41\"><style><\/style><\/div><\/div><\/div><\/div><div class=\"vc_col-sm-12 wpb_column vc_column_container\"><div class=\"vc_column-inner\"><div class=\"wpb_wrapper\"><div class=\"w-post-elm post_custom_field us_custom_120c3d6f kk-copyright has_text_color type_text page-copyright color_link_inherit\"><span class=\"w-post-elm-before\">Photo: <\/span><span class=\"w-post-elm-value\">J\u00f6rg-Thomas Alvermann<\/span><\/div><\/div><\/div><\/div><\/div><\/div><\/section>\n<section class=\"l-section wpb_row height_medium\"><div class=\"l-section-h i-cf\"><div class=\"g-cols vc_row via_flex valign_top type_default stacking_default\"><div class=\"vc_col-sm-12 vc_col-lg-offset-2 vc_col-lg-8 wpb_column vc_column_container us_animate_fade\"><div class=\"vc_column-inner\"><div class=\"wpb_wrapper\"><div class=\"wpb_text_column\"><div class=\"wpb_wrapper\"><h2>Aufgaben der Gesch\u00e4ftsstelle<\/h2>\n<p>&nbsp;<\/p>\n<h3>Aufgaben<\/h3>\n<p>Die Gesch\u00e4ftsstelle der Kunstkommission ist der Amtsleitung des Kulturamts der Landeshauptstadt D\u00fcsseldorf zugeordnet.<\/p>\n<h3>Die Gesch\u00e4ftsstelle:<\/h3>\n<ul>\n<li>organisiert die Sitzungen und die Wettbewerbe der Kommission.<\/li>\n<li>begleitet und dokumentiert die Realisierung von Kunstwerken.<\/li>\n<li>koordiniert s\u00e4mtliche Verfahrensschritte mit den zust\u00e4ndigen Fach\u00e4mtern.<\/li>\n<li>organisiert die Vermittlungsarbeit und verwaltet die Finanzen der Kommission.<\/li>\n<\/ul>\n<h3>Finanzen<\/h3>\n<p>Der Kunstkommission und ihrer Gesch\u00e4ftsstelle stehen vorerst pro Jahr 700.000 \u20ac f\u00fcr ihre Arbeit zur Verf\u00fcgung. Aus diesem Budget werden alle Kosten f\u00fcr die Realisierung von Kunstwerken, aber auch die Kosten f\u00fcr die Gesch\u00e4ftsstelle selbst beglichen. Die jeweiligen Projekt-Budgets k\u00f6nnen bedarfsgerecht eingesetzt und in kommende Haushaltsjahre \u00fcbertragen werden. Grunds\u00e4tzlich soll sich das Budget der Kunstkommission an der Summe der j\u00e4hrlichen Kosten f\u00fcr Hochbau orientieren. Hier k\u00f6nnen bis zu 2% der Gesamtsumme in den Etat f\u00fcr die Kommission eingestellt werden.<\/p>\n<\/div><\/div><\/div><\/div><\/div><\/div><\/div><\/section><section class=\"l-section wpb_row height_medium\"><div class=\"l-section-h i-cf\"><div class=\"g-cols vc_row via_flex valign_top type_default stacking_default\"><div class=\"vc_col-sm-6 wpb_column vc_column_container us_animate_fade\"><div class=\"vc_column-inner\"><div class=\"wpb_wrapper\"><div class=\"w-image has_ratio align_none meta_simple\"><div class=\"w-image-h\"><div style=\"padding-bottom:66.6667%\"><\/div><img decoding=\"async\" width=\"655\" height=\"449\" src=\"https:\/\/www.kunstkommission-duesseldorf.de\/wp-content\/uploads\/2021\/05\/Grosch.7c455567.png\" class=\"attachment-large size-large\" alt=\"Nicolas J. Grosch, Leiter der Gesch\u00e4ftsstelle, Bauingenieur&quot;\" loading=\"lazy\" \/><\/div><div class=\"w-image-meta\"><div class=\"w-image-title\">Nicolas J. Grosch<\/div><div class=\"w-image-description\">Head of the office, \r\ncivil engineer<\/div><\/div><\/div><\/div><\/div><\/div><div class=\"vc_col-sm-6 wpb_column vc_column_container us_animate_fade\"><div class=\"vc_column-inner\"><div class=\"wpb_wrapper\"><div class=\"w-image has_ratio align_none meta_simple\"><div class=\"w-image-h\"><div style=\"padding-bottom:66.6667%\"><\/div><img decoding=\"async\" width=\"653\" height=\"443\" src=\"https:\/\/www.kunstkommission-duesseldorf.de\/wp-content\/uploads\/2021\/05\/Boje.7c455567.png\" class=\"attachment-large size-large\" alt=\"Verena Boje, Mitarbeiterin der Gesch\u00e4ftsstelle, Verwaltungswirtin\" loading=\"lazy\" \/><\/div><div class=\"w-image-meta\"><div class=\"w-image-title\">Verena Boje<\/div><div class=\"w-image-description\">Office employee, \r\nadministrative specialist<\/div><\/div><\/div><\/div><\/div><\/div><\/div><\/div><\/section><section class=\"l-section wpb_row height_medium\"><div class=\"l-section-h i-cf\"><div class=\"g-cols vc_row via_flex valign_top type_default stacking_default\"><div class=\"vc_col-sm-6 wpb_column vc_column_container\"><div class=\"vc_column-inner\"><div class=\"wpb_wrapper\"><div class=\"w-image has_ratio align_none meta_simple\"><div class=\"w-image-h\"><div style=\"padding-bottom:66.6667%\"><\/div><img decoding=\"async\" width=\"655\" height=\"449\" src=\"https:\/\/www.kunstkommission-duesseldorf.de\/wp-content\/uploads\/2025\/10\/Lena-Holbein.jpg\" class=\"attachment-large size-large\" alt=\"Lena Holbein, Freie Mitarbeiterin der Gesch\u00e4ftsstelle, Kunstwissenschaftlerin\" loading=\"lazy\" \/><\/div><div class=\"w-image-meta\"><div class=\"w-image-title\">Lena Holbein<\/div><div class=\"w-image-description\">Freelance employee at the office, art historian<\/div><\/div><\/div><\/div><\/div><\/div><div class=\"vc_col-sm-6 wpb_column vc_column_container\"><div class=\"vc_column-inner\"><div class=\"wpb_wrapper\"><div class=\"w-image has_ratio align_none meta_simple\"><div class=\"w-image-h\"><div style=\"padding-bottom:66.6667%\"><\/div><img decoding=\"async\" width=\"655\" height=\"449\" src=\"https:\/\/www.kunstkommission-duesseldorf.de\/wp-content\/uploads\/2025\/10\/Jennifer-Proepper.jpg\" class=\"attachment-large size-large\" alt=\"Jennifer Pr\u00f6pper, Werkstudentin der Gesch\u00e4ftsstelle, Kunstwissenschaftlerin\" loading=\"lazy\" \/><\/div><div class=\"w-image-meta\"><div class=\"w-image-title\">Jennifer Pr\u00f6pper<\/div><div class=\"w-image-description\">Working student at the office, \r\nart historian<\/div><\/div><\/div><\/div><\/div><\/div><\/div><\/div><\/section>\n","protected":false},"excerpt":{"rendered":"KunstkommissionOfficePhoto: J\u00f6rg-Thomas Alvermann Aufgaben der Gesch\u00e4ftsstelle &nbsp; Aufgaben Die Gesch\u00e4ftsstelle der Kunstkommission ist der Amtsleitung des Kulturamts der Landeshauptstadt D\u00fcsseldorf zugeordnet. Die Gesch\u00e4ftsstelle: organisiert die Sitzungen und die Wettbewerbe der Kommission. begleitet und dokumentiert die Realisierung von Kunstwerken. koordiniert s\u00e4mtliche Verfahrensschritte mit den zust\u00e4ndigen Fach\u00e4mtern. organisiert die Vermittlungsarbeit und verwaltet die Finanzen der Kommission. Finanzen...","protected":false},"author":1,"featured_media":10722,"parent":10687,"menu_order":0,"comment_status":"closed","ping_status":"closed","template":"","meta":{"_acf_changed":false,"footnotes":""},"categories":[242],"tags":[],"class_list":["post-10724","page","type-page","status-publish","has-post-thumbnail","hentry","category-kunstkommission"],"acf":[],"_links":{"self":[{"href":"https:\/\/www.kunstkommission-duesseldorf.de\/en\/wp-json\/wp\/v2\/pages\/10724","targetHints":{"allow":["GET"]}}],"collection":[{"href":"https:\/\/www.kunstkommission-duesseldorf.de\/en\/wp-json\/wp\/v2\/pages"}],"about":[{"href":"https:\/\/www.kunstkommission-duesseldorf.de\/en\/wp-json\/wp\/v2\/types\/page"}],"author":[{"embeddable":true,"href":"https:\/\/www.kunstkommission-duesseldorf.de\/en\/wp-json\/wp\/v2\/users\/1"}],"replies":[{"embeddable":true,"href":"https:\/\/www.kunstkommission-duesseldorf.de\/en\/wp-json\/wp\/v2\/comments?post=10724"}],"version-history":[{"count":4,"href":"https:\/\/www.kunstkommission-duesseldorf.de\/en\/wp-json\/wp\/v2\/pages\/10724\/revisions"}],"predecessor-version":[{"id":10733,"href":"https:\/\/www.kunstkommission-duesseldorf.de\/en\/wp-json\/wp\/v2\/pages\/10724\/revisions\/10733"}],"up":[{"embeddable":true,"href":"https:\/\/www.kunstkommission-duesseldorf.de\/en\/wp-json\/wp\/v2\/pages\/10687"}],"wp:featuredmedia":[{"embeddable":true,"href":"https:\/\/www.kunstkommission-duesseldorf.de\/en\/wp-json\/wp\/v2\/media\/10722"}],"wp:attachment":[{"href":"https:\/\/www.kunstkommission-duesseldorf.de\/en\/wp-json\/wp\/v2\/media?parent=10724"}],"wp:term":[{"taxonomy":"category","embeddable":true,"href":"https:\/\/www.kunstkommission-duesseldorf.de\/en\/wp-json\/wp\/v2\/categories?post=10724"},{"taxonomy":"post_tag","embeddable":true,"href":"https:\/\/www.kunstkommission-duesseldorf.de\/en\/wp-json\/wp\/v2\/tags?post=10724"}],"curies":[{"name":"wp","href":"https:\/\/api.w.org\/{rel}","templated":true}]}}